{"id":96,"date":"2008-01-18T22:00:50","date_gmt":"2008-01-18T21:00:50","guid":{"rendered":"http:\/\/www.ehemalige-biesdorf.de\/wp\/fotos\/"},"modified":"2017-03-15T10:23:03","modified_gmt":"2017-03-15T09:23:03","slug":"fotos","status":"publish","type":"page","link":"https:\/\/www.ehemalige-biesdorf.de\/?page_id=96","title":{"rendered":"Fotos"},"content":{"rendered":"<p><a title=\"\" href=\"https:\/\/www.ehemalige-biesdorf.de\/wp\/wp-content\/uploads\/2008\/01\/hella_im_august1974.jpg\" data-rel=\"lightbox-image-0\" data-rl_title=\"\" data-rl_caption=\"\"><img loading=\"lazy\" decoding=\"async\" style=\"margin-left: 15px; margin-right: 15px; border: 1px solid black;\" src=\"https:\/\/www.ehemalige-biesdorf.de\/wp\/wp-content\/uploads\/2008\/01\/hella_im_august1974.thumbnail.jpg\" alt=\"Das \u201cber\u00fchmteste Norwegische Fjordpferd der Eifel\u201d im August 1974\" width=\"128\" height=\"99\" align=\"left\" border=\"1\" hspace=\"15\" \/><\/a><strong>Die gutm\u00fctige Hella <\/strong><\/p>\n<p><span class=\"normal\">Pater Peters und seine Pferde waren unzertrennlich. Und diese Kombination hat so manchem Internatssch\u00fcler nicht nur das Thema Reiten n\u00e4hergebracht, sondern dar\u00fcber hinaus auch \u00fcber die ein oder andere schwerm\u00fctige Stunde des Heimwehs hinweggeholfen. Wieviele Sch\u00fcler mag die gute Hella wohl getragen haben?<\/span><\/p>\n<p><a title=\"\" href=\"https:\/\/www.ehemalige-biesdorf.de\/wp\/wp-content\/uploads\/2008\/01\/jungens1960.jpg\" data-rel=\"lightbox-image-1\" data-rl_title=\"\" data-rl_caption=\"\"><img loading=\"lazy\" decoding=\"async\" class=\"alignnone\" style=\"margin-left: 15px; margin-right: 15px; border: 1px solid black;\" src=\"https:\/\/www.ehemalige-biesdorf.de\/wp\/wp-content\/uploads\/2008\/01\/jungens1960.thumbnail.jpg\" alt=\"Von links nach rechts N.N., Klaus Minden aus M\u00f6tsch, Matthias Sohns aus Biersdorf, Josef Schmitz aus Kruchten, Theo Eulner aus Duisburg (im Hintergrund mit Ball), Emil Mayer aus Kruchten, Manfred Hubert aus Kruchten, unbekannt, Hubert Vois aus Arnoldsweiler. Im Hintergrund rechts erkennt man das Internat mit den alten Fenstern, links ist der damals neue und soeben eingeweihte Schulbau zu sehen.\" width=\"128\" height=\"92\" align=\"left\" border=\"1\" hspace=\"15\" \/><\/a><strong>Eine Erinnerung<\/strong><\/p>\n<p><span class=\"normal\">Das nebenstehende Sch\u00fclerfoto stammt aus den Best\u00e4nden des unentwegt knipsenden und auch dokumentierenden Karl Kronenberg, aufgenommen wohl im oder kurz vor dem Jahr 1960.<br \/>\nVon links nach rechts N.N., Klaus Minden aus M\u00f6tsch, Matthias Sohns aus Biersdorf, Josef Schmitz aus Kruchten, Theo Eulner aus Duisburg (im Hintergrund mit Ball), Emil Mayer aus Kruchten, Manfred Hubert aus Kruchten, unbekannt, Hubert Vois aus Arnoldsweiler. Im Hintergrund rechts erkennt man das Internat mit den alten Fenstern, links ist der damals neue und soeben eingeweihte Schulbau zu sehen.<br \/>\n<\/span><\/p>\n<p><span class=\"normal\"><a title=\"\" href=\"https:\/\/www.ehemalige-biesdorf.de\/wp\/wp-content\/uploads\/2008\/01\/blasorchesterbiesdorf1969.jpg\" data-rel=\"lightbox-image-2\" data-rl_title=\"\" data-rl_caption=\"\"><img loading=\"lazy\" decoding=\"async\" style=\"margin-left: 15px; margin-right: 15px; border: 1px solid black;\" src=\"https:\/\/www.ehemalige-biesdorf.de\/wp\/wp-content\/uploads\/2008\/01\/blasorchesterbiesdorf1969.thumbnail.jpg\" alt=\"Mit Musik geht manches besser: Das Biesdorfer Blas-Orchester unterst\u00fctzt das Seifenkistenderby mit schmissiger Musik.\" width=\"128\" height=\"80\" align=\"left\" border=\"1\" hspace=\"15\" \/><\/a><\/span><strong>Blas-Orchester: Kameradschaftliche Unterst\u00fctzung<\/strong><\/p>\n<p><span class=\"normal\">Beim <strong>Seifenkistenderby<\/strong> in Bitburg (vermutlich das erste seiner Art!) hatte das Blasorchester des Gymnasiums Biesdorf unter Leitung von Pater Bernhard Griebel (geht vorneweg) die ehrenvolle Aufgabe, das Rennen musikalisch zu umrahmen. Diese denkw\u00fcrdige Aufnahme entstand am 15. Juni 1969.<\/span><\/p>\n<p>Erw\u00e4hnt sei noch, dass die frisch gebackenen Abiturienten Engelbert G\u00fcnster und Heinz Fuhr f\u00fcr diesen Auftritt von zu Hause anreisten, da sie bereits eine Woche vorher verabschiedet worden waren. Sie unterst\u00fctzten so ein letztes Mal ihre Kameraden.<\/p>\n<p><a title=\"\" href=\"https:\/\/www.ehemalige-biesdorf.de\/wp\/wp-content\/uploads\/2008\/01\/blasorchesterbiesdorfprobe.jpg\" data-rel=\"lightbox-image-3\" data-rl_title=\"\" data-rl_caption=\"\"><img loading=\"lazy\" decoding=\"async\" style=\"margin-left: 15px; margin-right: 15px; border: 1px solid black;\" src=\"https:\/\/www.ehemalige-biesdorf.de\/wp\/wp-content\/uploads\/2008\/01\/blasorchesterbiesdorfprobe.thumbnail.jpg\" alt=\"Probenarbeit 1973: Das Bl\u00e4ser-Ensemble bereitet sich auf einen der n\u00e4chsten Auftritte vor.\" width=\"128\" height=\"88\" align=\"left\" border=\"1\" hspace=\"15\" \/><\/a><strong>Probenarbeit 1973<\/strong><\/p>\n<p><span class=\"normal\">Dieses Bild des Bl\u00e4ser-Ensembles Biesdorf stammt aus dem Schuljahr 1972\/73 und wurde im alten Musiksaal aufgenommen, an den sich sicherlich einige Ehemalige erinnern k\u00f6nnen.<\/span><\/p>\n<p>Auf dem Foto sind folgende Personen zu sehen (von links nach rechts):<\/p>\n<p><strong>Tenorhorn:<\/strong> Matthias Schilz<br \/>\n<strong>Querfl\u00f6te: <\/strong> Franz Dax<br \/>\n<strong>Trompeten: <\/strong> Bernhard Urig, Wilfried Naber, Dieter Strass<br \/>\n<strong>Tuba:<\/strong> J\u00f6rg Steinbach<br \/>\n<strong>H\u00f6rner:<\/strong> Ingo Brausch, John Adams, Barthel Krupp, Heinz Oberbillig<br \/>\n<strong>Klarinetten:<\/strong> Franz-Josef Marxen, es fehlt auf dem Bild Ute M\u00fcller<br \/>\n<strong>Posaunen:<\/strong> Peter Roob, J\u00fcrgen Westphal, Karl-Heinz Rausch<\/p>\n<p>&#8222;Vermutlich stammt die Aufnahme von Pater Kronenberg (Korro), der ja viel fotografisch festgehalten hat. Es fehlt auf dem Bild nat\u00fcrlich unser Musiklehrer, Pater Bernhard Griebel, der sich, bescheiden wie immer, dezent im Hintergrund bewegt hat&#8220;, kommentiert Ingo Brausch (Abitur-Jahrgang 1976).<\/p>\n","protected":false},"excerpt":{"rendered":"<p>Die gutm\u00fctige Hella Pater Peters und seine Pferde waren unzertrennlich. Und diese Kombination hat so manchem Internatssch\u00fcler nicht nur das Thema Reiten n\u00e4hergebracht, sondern dar\u00fcber hinaus auch \u00fcber die ein oder andere schwerm\u00fctige Stunde des Heimwehs hinweggeholfen. Wieviele Sch\u00fcler mag die gute Hella wohl getragen haben? Eine Erinnerung Das nebenstehende Sch\u00fclerfoto stammt aus den Best\u00e4nden [&hellip;]<\/p>\n","protected":false},"author":1,"featured_media":0,"parent":0,"menu_order":3,"comment_status":"open","ping_status":"closed","template":"","meta":{"_et_pb_use_builder":"off","_et_pb_old_content":"<p><a title=\"Das \u201cber\u00fchmteste Norwegische Fjordpferd der Eifel\u201d im August 1974\" href=\"http:\/\/www.ehemalige-biesdorf.de\/wp\/wp-content\/uploads\/2008\/01\/hella_im_august1974.jpg\"><img style=\"margin-left: 15px; margin-right: 15px; border: 1px solid black;\" src=\"http:\/\/www.ehemalige-biesdorf.de\/wp\/wp-content\/uploads\/2008\/01\/hella_im_august1974.thumbnail.jpg\" alt=\"Das \u201cber\u00fchmteste Norwegische Fjordpferd der Eifel\u201d im August 1974\" width=\"128\" height=\"99\" align=\"left\" border=\"1\" hspace=\"15\" \/><\/a><strong>Die gutm\u00fctige Hella <\/strong><\/p><p><span class=\"normal\">Pater Peters und seine Pferde waren unzertrennlich. Und diese Kombination hat so manchem Internatssch\u00fcler nicht nur das Thema Reiten n\u00e4hergebracht, sondern dar\u00fcber hinaus auch \u00fcber die ein oder andere schwerm\u00fctige Stunde des Heimwehs hinweggeholfen. Wieviele Sch\u00fcler mag die gute Hella wohl getragen haben?<\/span><\/p><p><span class=\"normal\"><a title=\"Von links nach rechts Josef Stiel aus Arnoldsweiler, Klaus Minden aus M\u00f6tsch, Matthias Sohns aus Biersdorf, Josef Schmitz aus Kruchten, Theo Eulner aus Duisburg (im Hintergrund mit Ball), Emil Mayer aus Kruchten, Manfred Hubert aus Kruchten, unbekannt, Hubert Vois aus Arnoldsweiler. Im Hintergrund rechts erkennt man das Internat mit den alten Fenstern, links ist der damals neue und soeben eingeweihte Schulbau zu sehen.\" href=\"http:\/\/www.ehemalige-biesdorf.de\/wp\/wp-content\/uploads\/2008\/01\/jungens1960.jpg\"><img style=\"margin-left: 15px; margin-right: 15px; border: 1px solid black;\" src=\"http:\/\/www.ehemalige-biesdorf.de\/wp\/wp-content\/uploads\/2008\/01\/jungens1960.thumbnail.jpg\" alt=\"Von links nach rechts Josef Stiel aus Arnoldsweiler, Klaus Minden aus M\u00f6tsch, Matthias Sohns aus Biersdorf, Josef Schmitz aus Kruchten, Theo Eulner aus Duisburg (im Hintergrund mit Ball), Emil Mayer aus Kruchten, Manfred Hubert aus Kruchten, unbekannt, Hubert Vois aus Arnoldsweiler. Im Hintergrund rechts erkennt man das Internat mit den alten Fenstern, links ist der damals neue und soeben eingeweihte Schulbau zu sehen.\" width=\"128\" height=\"92\" align=\"left\" border=\"1\" hspace=\"15\" \/><\/a><\/span><strong>Eine Erinnerung<\/strong><\/p><p><span class=\"normal\">Das nebenstehende Sch\u00fclerfoto stammt aus den Best\u00e4nden des unentwegt knipsenden und auch dokumentierenden Karl Kronenberg, aufgenommen wohl im oder kurz vor dem Jahr 1960.<\/span><\/p><p><span class=\"normal\"><a title=\"Mit Musik geht manches besser: Das Biesdorfer Blas-Orchester unterst\u00fctzt das Seifenkistenderby mit schmissiger Musik.\" href=\"http:\/\/www.ehemalige-biesdorf.de\/wp\/wp-content\/uploads\/2008\/01\/blasorchesterbiesdorf1969.jpg\"><img style=\"margin-left: 15px; margin-right: 15px; border: 1px solid black;\" src=\"http:\/\/www.ehemalige-biesdorf.de\/wp\/wp-content\/uploads\/2008\/01\/blasorchesterbiesdorf1969.thumbnail.jpg\" alt=\"Mit Musik geht manches besser: Das Biesdorfer Blas-Orchester unterst\u00fctzt das Seifenkistenderby mit schmissiger Musik.\" width=\"128\" height=\"80\" align=\"left\" border=\"1\" hspace=\"15\" \/><\/a><\/span><strong>Blas-Orchester: Kameradschaftliche Unterst\u00fctzung<\/strong><\/p><p><span class=\"normal\">Beim <strong>Seifenkistenderby<\/strong> in Bitburg (vermutlich das erste seiner Art!) hatte das Blasorchester des Gymnasiums Biesdorf unter Leitung von Pater Bernhard Griebel (geht vorneweg) die ehrenvolle Aufgabe, das Rennen musikalisch zu umrahmen. Diese denkw\u00fcrdige Aufnahme entstand am 15. Juni 1969.<\/span><\/p><p>Erw\u00e4hnt sei noch, dass die frisch gebackenen Abiturienten Engelbert G\u00fcnster und Heinz Fuhr f\u00fcr diesen Auftritt von zu Hause anreisten, da sie bereits eine Woche vorher verabschiedet worden waren. Sie unterst\u00fctzten so ein letztes Mal ihre Kameraden.<\/p><p><a title=\"Probenarbeit 1973: Das Bl\u00e4ser-Ensemble bereitet sich auf einen der n\u00e4chsten Auftritte vor.\" href=\"http:\/\/www.ehemalige-biesdorf.de\/wp\/wp-content\/uploads\/2008\/01\/blasorchesterbiesdorfprobe.jpg\"><img style=\"margin-left: 15px; margin-right: 15px; border: 1px solid black;\" src=\"http:\/\/www.ehemalige-biesdorf.de\/wp\/wp-content\/uploads\/2008\/01\/blasorchesterbiesdorfprobe.thumbnail.jpg\" alt=\"Probenarbeit 1973: Das Bl\u00e4ser-Ensemble bereitet sich auf einen der n\u00e4chsten Auftritte vor.\" width=\"128\" height=\"88\" align=\"left\" border=\"1\" hspace=\"15\" \/><\/a><strong>Probenarbeit 1973<\/strong><\/p><p><span class=\"normal\">Dieses Bild des Bl\u00e4ser-Ensembles Biesdorf stammt aus dem Schuljahr 1972\/73 und wurde im alten Musiksaal aufgenommen, an den sich sicherlich einige Ehemalige erinnern k\u00f6nnen.<\/span><\/p><p>Auf dem Foto sind folgende Personen zu sehen (von links nach rechts):<\/p><p><strong>Tenorhorn:<\/strong> Matthias Schilz<br \/> <strong>Querfl\u00f6te: <\/strong> Franz Dax<br \/> <strong>Trompeten: <\/strong> Bernhard Urig, Wilfried Naber, Dieter Strass<br \/> <strong>Tuba:<\/strong> J\u00f6rg Steinbach<br \/> <strong>H\u00f6rner:<\/strong> Ingo Brausch, John Adams, Barthel Krupp, Heinz Oberbillig<br \/> <strong>Klarinetten:<\/strong> Franz-Josef Marxen, es fehlt auf dem Bild Ute M\u00fcller<br \/> <strong>Posaunen:<\/strong> Peter Roob, J\u00fcrgen Westphal, Karl-Heinz Rausch<\/p><p>\"Vermutlich stammt die Aufnahme von Pater Kronenberg (Korro), der ja viel fotografisch festgehalten hat. Es fehlt auf dem Bild nat\u00fcrlich unser Musiklehrer, Pater Bernhard Griebel, der sich, bescheiden wie immer, dezent im Hintergrund bewegt hat\", kommentiert Ingo Brausch (Abitur-Jahrgang 1976).<\/p>","_et_gb_content_width":"","footnotes":""},"class_list":["post-96","page","type-page","status-publish","hentry"],"jetpack_sharing_enabled":true,"jetpack_shortlink":"https:\/\/wp.me\/PaKz1-1y","_links":{"self":[{"href":"https:\/\/www.ehemalige-biesdorf.de\/index.php?rest_route=\/wp\/v2\/pages\/96","targetHints":{"allow":["GET"]}}],"collection":[{"href":"https:\/\/www.ehemalige-biesdorf.de\/index.php?rest_route=\/wp\/v2\/pages"}],"about":[{"href":"https:\/\/www.ehemalige-biesdorf.de\/index.php?rest_route=\/wp\/v2\/types\/page"}],"author":[{"embeddable":true,"href":"https:\/\/www.ehemalige-biesdorf.de\/index.php?rest_route=\/wp\/v2\/users\/1"}],"replies":[{"embeddable":true,"href":"https:\/\/www.ehemalige-biesdorf.de\/index.php?rest_route=%2Fwp%2Fv2%2Fcomments&post=96"}],"version-history":[{"count":7,"href":"https:\/\/www.ehemalige-biesdorf.de\/index.php?rest_route=\/wp\/v2\/pages\/96\/revisions"}],"predecessor-version":[{"id":909,"href":"https:\/\/www.ehemalige-biesdorf.de\/index.php?rest_route=\/wp\/v2\/pages\/96\/revisions\/909"}],"wp:attachment":[{"href":"https:\/\/www.ehemalige-biesdorf.de\/index.php?rest_route=%2Fwp%2Fv2%2Fmedia&parent=96"}],"curies":[{"name":"wp","href":"https:\/\/api.w.org\/{rel}","templated":true}]}}