{"id":647,"date":"2013-09-27T11:31:22","date_gmt":"2013-09-27T10:31:22","guid":{"rendered":"http:\/\/www.ehemalige-biesdorf.de\/wp\/?page_id=647"},"modified":"2013-10-30T09:12:42","modified_gmt":"2013-10-30T08:12:42","slug":"abitur-1966-kurzschuljahr","status":"publish","type":"page","link":"https:\/\/www.ehemalige-biesdorf.de\/?page_id=647","title":{"rendered":"Abitur 1966 (Kurzschuljahr)"},"content":{"rendered":"<p>Im Jahre 1966 gab es in der Bundesrepublik Deutschland ein sogenanntes &#8222;Kurzschuljahr&#8220;. Der zeitliche Rahmen von Schulaufnahme und Schulentlassung sollte &#8222;europ\u00e4isch&#8220; angepa\u00dft werden und wurde von &#8222;Ostern&#8220; auf den &#8222;Herbst&#8220; verlegt. Dies betraf den zweiten Abschlussjahrgang des Biesdorfer Gymnasiums. Am 18. Oktober 1966 fanden unter Leitung des Mainzer Regierungsschuldirektors Ochsenreiter die m\u00fcndlichen Abiturpr\u00fcfungen statt, am 21. Oktober folgte die Verabschiedung der Sch\u00fcler.<\/p>\n<div id=\"attachment_649\" style=\"width: 635px\" class=\"wp-caption alignleft\"><a href=\"https:\/\/www.ehemalige-biesdorf.de\/wp\/wp-content\/uploads\/2013\/09\/Abiturjahrgang_1966_2_web.jpg\" data-rel=\"lightbox-image-0\" data-rl_title=\"\" data-rl_caption=\"\"><img loading=\"lazy\" decoding=\"async\" aria-describedby=\"caption-attachment-649\" class=\"size-large wp-image-649  \" title=\"\" alt=\"\" src=\"https:\/\/www.ehemalige-biesdorf.de\/wp\/wp-content\/uploads\/2013\/09\/Abiturjahrgang_1966_2_web-1024x685.jpg\" width=\"625\" height=\"418\" srcset=\"https:\/\/www.ehemalige-biesdorf.de\/wp-content\/uploads\/2013\/09\/Abiturjahrgang_1966_2_web-1024x685.jpg 1024w, https:\/\/www.ehemalige-biesdorf.de\/wp-content\/uploads\/2013\/09\/Abiturjahrgang_1966_2_web-300x200.jpg 300w, https:\/\/www.ehemalige-biesdorf.de\/wp-content\/uploads\/2013\/09\/Abiturjahrgang_1966_2_web-624x417.jpg 624w, https:\/\/www.ehemalige-biesdorf.de\/wp-content\/uploads\/2013\/09\/Abiturjahrgang_1966_2_web.jpg 1200w\" sizes=\"(max-width: 625px) 100vw, 625px\" \/><\/a><p id=\"caption-attachment-649\" class=\"wp-caption-text\">Eine Abiturientia gab es im Jahre 1966 gleich zweimal aufgrund des kultusministeriell angeordneten Kurzschuljahres. Von links nach rechts: Klaus Minden, Reinhard Vitt, Werner L\u00f6ckmann, Klassenlehrer Pater Johannes Kistenich, Gerhard D\u00f6lle, Walter Haab, Alwin Moormann, Udo Reuter.<\/p><\/div>\n<p>Das Abschiedsfoto - auch &#8222;auf den Stiegen&#8220;, aber wegen des Regenwetters nicht im Innenhof, sondern im oberen, gro\u00dfen Speisesaal - zeigt von links nach rechts: Klaus Minden, Reinhard Vitt, Werner L\u00f6ckmann, Klassenlehrer Pater Johannes Kistenich, Gerhard D\u00f6lle, Walter Haab, Alwin Moormann, Udo Reuter.<\/p>\n<p>[<span style=\"text-decoration: underline;\">Anmerkung der Redaktion<\/span>: Die Informationen und das Foto wurde freundlicherweise von P. Reinhard Vitt zur Verf\u00fcgung gestellt.]<\/p>\n","protected":false},"excerpt":{"rendered":"<p>Im Jahre 1966 gab es in der Bundesrepublik Deutschland ein sogenanntes &#8222;Kurzschuljahr&#8220;. Der zeitliche Rahmen von Schulaufnahme und Schulentlassung sollte &#8222;europ\u00e4isch&#8220; angepa\u00dft werden und wurde von &#8222;Ostern&#8220; auf den &#8222;Herbst&#8220; verlegt. Dies betraf den zweiten Abschlussjahrgang des Biesdorfer Gymnasiums. Am 18. Oktober 1966 fanden unter Leitung des Mainzer Regierungsschuldirektors Ochsenreiter die m\u00fcndlichen Abiturpr\u00fcfungen statt, am [&hellip;]<\/p>\n","protected":false},"author":1,"featured_media":0,"parent":6,"menu_order":0,"comment_status":"open","ping_status":"closed","template":"","meta":{"_et_pb_use_builder":"","_et_pb_old_content":"","_et_gb_content_width":"","jetpack_post_was_ever_published":false,"footnotes":""},"class_list":["post-647","page","type-page","status-publish","hentry"],"jetpack_sharing_enabled":true,"jetpack_shortlink":"https:\/\/wp.me\/PaKz1-ar","_links":{"self":[{"href":"https:\/\/www.ehemalige-biesdorf.de\/index.php?rest_route=\/wp\/v2\/pages\/647","targetHints":{"allow":["GET"]}}],"collection":[{"href":"https:\/\/www.ehemalige-biesdorf.de\/index.php?rest_route=\/wp\/v2\/pages"}],"about":[{"href":"https:\/\/www.ehemalige-biesdorf.de\/index.php?rest_route=\/wp\/v2\/types\/page"}],"author":[{"embeddable":true,"href":"https:\/\/www.ehemalige-biesdorf.de\/index.php?rest_route=\/wp\/v2\/users\/1"}],"replies":[{"embeddable":true,"href":"https:\/\/www.ehemalige-biesdorf.de\/index.php?rest_route=%2Fwp%2Fv2%2Fcomments&post=647"}],"version-history":[{"count":10,"href":"https:\/\/www.ehemalige-biesdorf.de\/index.php?rest_route=\/wp\/v2\/pages\/647\/revisions"}],"predecessor-version":[{"id":667,"href":"https:\/\/www.ehemalige-biesdorf.de\/index.php?rest_route=\/wp\/v2\/pages\/647\/revisions\/667"}],"up":[{"embeddable":true,"href":"https:\/\/www.ehemalige-biesdorf.de\/index.php?rest_route=\/wp\/v2\/pages\/6"}],"wp:attachment":[{"href":"https:\/\/www.ehemalige-biesdorf.de\/index.php?rest_route=%2Fwp%2Fv2%2Fmedia&parent=647"}],"curies":[{"name":"wp","href":"https:\/\/api.w.org\/{rel}","templated":true}]}}