{"id":31,"date":"2008-01-17T14:49:58","date_gmt":"2008-01-17T13:49:58","guid":{"rendered":"http:\/\/www.ehemalige-biesdorf.de\/wp\/auch-schon-drin\/abitur-2006\/"},"modified":"2008-02-29T13:58:56","modified_gmt":"2008-02-29T12:58:56","slug":"abitur-2006","status":"publish","type":"page","link":"https:\/\/www.ehemalige-biesdorf.de\/?page_id=31","title":{"rendered":"Abitur 2006"},"content":{"rendered":"<p><a href=\"https:\/\/www.ehemalige-biesdorf.de\/wp\/wp-content\/uploads\/2008\/01\/abitur2006.jpg\" title=\"\" data-rel=\"lightbox-image-0\" data-rl_title=\"\" data-rl_caption=\"\"><img decoding=\"async\" src=\"https:\/\/www.ehemalige-biesdorf.de\/wp\/wp-content\/uploads\/2008\/01\/abitur2006.jpg\" alt=\"Abiturientia 2006 Altringer, Susanne; Bales, Melanie; Becker, Lisa; Bohr, Sven; Bormann, Verena; Cruchter, Thomas; Dichter, Jessica; Dichter, Ren\u00e9; Endres, Susanna; Ewen, Jennifer; Ewen, Tobias; Faber, Andreas; Faber, Thomas; Feider, Andreas; Fuchs, Anne-Katrin; G\u00e4rtner, Verena; Gl\u00e4sener, Kristina; Gr\u00f6bel, Oliver; Haas, Svetlana; Haller, Tina; Hartke, Christina; Hau, Anika; Haubrich, Simon; Heinen, Benjamin; Heser, Alexander; H\u00f6ftmann, Ruth; Hormesch, Carina; Jegen, Michael; Kandels, Eva; Keller, Christiane; Ke\u00dfeler, Marius; Kiewel, Eva; Knechtges, Sebastian; Kusserow, Bastian; Majerus, Frank; Masthoff, Karen; Mayer, Tim; Menster, Stefan; Mirkes, Sabrina; Modemann, Janina; Mohr, Anne; M\u00fcller, Stefan; Neuhaus, Susanne; Nimmesgern, J\u00e9r\u00f4me; Schares, Miriam; Schmitt, Michael; Schneider, Thomas; Schuh, Christine; Schulz, D\u00e9sir\u00e9e; Schuster, Hanna; Semar, Jennifer; Servatius, Verena; Steil, Christian; Stoffel, Simon; Theisen, Stefan; Thielen, Karsten; Thieltges, Simon; Wagner, Christina; Weber, Christian; Weber, Markus; Zehren, Thomas.\" \/><\/a><\/p>\n<p class=\"picture\"><span class=\"highlightsmall\">Abiturientia 2006 <\/span>Altringer, Susanne; Bales, Melanie; Becker, Lisa; Bohr, Sven; Bormann, Verena; Cruchter, Thomas; Dichter, Jessica; Dichter, Ren\u00e9; Endres, Susanna; Ewen, Jennifer; Ewen, Tobias; Faber, Andreas; Faber, Thomas; Feider, Andreas; Fuchs, Anne-Katrin; G\u00e4rtner, Verena; Gl\u00e4sener, Kristina; Gr\u00f6bel, Oliver; Haas, Svetlana; Haller, Tina; Hartke, Christina; Hau, Anika; Haubrich, Simon; Heinen, Benjamin; Heser, Alexander; H\u00f6ftmann, Ruth; Hormesch, Carina; Jegen, Michael; Kandels, Eva; Keller, Christiane; Ke\u00dfeler, Marius; Kiewel, Eva; Knechtges, Sebastian; Kusserow, Bastian; Majerus, Frank; Masthoff, Karen; Mayer, Tim; Menster, Stefan; Mirkes, Sabrina; Modemann, Janina; Mohr, Anne; M\u00fcller, Stefan; Neuhaus, Susanne; Nimmesgern, J\u00e9r\u00f4me; Schares, Miriam; Schmitt, Michael; Schneider, Thomas; Schuh, Christine; Schulz, D\u00e9sir\u00e9e; Schuster, Hanna; Semar, Jennifer; Servatius, Verena; Steil, Christian; Stoffel, Simon; Theisen, Stefan; Thielen, Karsten; Thieltges, Simon; Wagner, Christina; Weber, Christian; Weber, Markus; Zehren, Thomas.<\/p>\n","protected":false},"excerpt":{"rendered":"<p>Abiturientia 2006 Altringer, Susanne; Bales, Melanie; Becker, Lisa; Bohr, Sven; Bormann, Verena; Cruchter, Thomas; Dichter, Jessica; Dichter, Ren\u00e9; Endres, Susanna; Ewen, Jennifer; Ewen, Tobias; Faber, Andreas; Faber, Thomas; Feider, Andreas; Fuchs, Anne-Katrin; G\u00e4rtner, Verena; Gl\u00e4sener, Kristina; Gr\u00f6bel, Oliver; Haas, Svetlana; Haller, Tina; Hartke, Christina; Hau, Anika; Haubrich, Simon; Heinen, Benjamin; Heser, Alexander; H\u00f6ftmann, Ruth; Hormesch, [&hellip;]<\/p>\n","protected":false},"author":1,"featured_media":0,"parent":6,"menu_order":0,"comment_status":"open","ping_status":"closed","template":"","meta":{"_et_pb_use_builder":"","_et_pb_old_content":"","_et_gb_content_width":"","jetpack_post_was_ever_published":false,"footnotes":""},"class_list":["post-31","page","type-page","status-publish","hentry"],"jetpack_sharing_enabled":true,"jetpack_shortlink":"https:\/\/wp.me\/PaKz1-v","_links":{"self":[{"href":"https:\/\/www.ehemalige-biesdorf.de\/index.php?rest_route=\/wp\/v2\/pages\/31","targetHints":{"allow":["GET"]}}],"collection":[{"href":"https:\/\/www.ehemalige-biesdorf.de\/index.php?rest_route=\/wp\/v2\/pages"}],"about":[{"href":"https:\/\/www.ehemalige-biesdorf.de\/index.php?rest_route=\/wp\/v2\/types\/page"}],"author":[{"embeddable":true,"href":"https:\/\/www.ehemalige-biesdorf.de\/index.php?rest_route=\/wp\/v2\/users\/1"}],"replies":[{"embeddable":true,"href":"https:\/\/www.ehemalige-biesdorf.de\/index.php?rest_route=%2Fwp%2Fv2%2Fcomments&post=31"}],"version-history":[{"count":0,"href":"https:\/\/www.ehemalige-biesdorf.de\/index.php?rest_route=\/wp\/v2\/pages\/31\/revisions"}],"up":[{"embeddable":true,"href":"https:\/\/www.ehemalige-biesdorf.de\/index.php?rest_route=\/wp\/v2\/pages\/6"}],"wp:attachment":[{"href":"https:\/\/www.ehemalige-biesdorf.de\/index.php?rest_route=%2Fwp%2Fv2%2Fmedia&parent=31"}],"curies":[{"name":"wp","href":"https:\/\/api.w.org\/{rel}","templated":true}]}}