{"id":30,"date":"2008-01-17T14:49:48","date_gmt":"2008-01-17T13:49:48","guid":{"rendered":"http:\/\/www.ehemalige-biesdorf.de\/wp\/auch-schon-drin\/abitur-2005\/"},"modified":"2008-02-29T13:58:04","modified_gmt":"2008-02-29T12:58:04","slug":"abitur-2005","status":"publish","type":"page","link":"https:\/\/www.ehemalige-biesdorf.de\/?page_id=30","title":{"rendered":"Abitur 2005"},"content":{"rendered":"<p> <a href=\"https:\/\/www.ehemalige-biesdorf.de\/wp\/wp-content\/uploads\/2008\/01\/abiturjahrgang2005.jpg\" title=\"\" data-rel=\"lightbox-image-0\" data-rl_title=\"\" data-rl_caption=\"\"><img decoding=\"async\" src=\"https:\/\/www.ehemalige-biesdorf.de\/wp\/wp-content\/uploads\/2008\/01\/abiturjahrgang2005.jpg\" alt=\"Die Namen der Abiturientia 2005: Christian Ackels (Mettendorf), Katharina Backendorf (Godendorf), Annette Billen (Biersdorf am See), Jochen Billen (Biersdorf am See), Nina Blasius (Wallendorf), Susanne Bretz (Mettendorf), Melanie Colljung (Bollendorf), Linda Deutsch (Ernzen), Alrun Doelle (K\u00f6rperich), Mirko Elenz (Ernzen), Pirmin Fontaine (Kruchten), Stephan Geisen (Utscheid), Lena Gerten (Edingen), Julia Haas (Irrel), Thomas Hankes (Wettlingen), Jeanette Harlos (K\u00f6rperich), Kristina Hecker (K\u00f6rperich), Isabelle Hettinger (Hofweiler), Julia Hillesheim (Irrel), Marco Hompes (Weidingen), Stefan Hormes (Karlshausen), Pia H\u00f6sdorff (Ettelbr\u00fcck), Bj\u00f6rn Jegen (Biersdorf am See), Christopher Kaiser (Butzweiler), Patricia Kaminski (Ferschweiler), Ruth Kimmlingen (Minden), Lisa Kolbet (Mettendorf), Mike Korst (Badem), David K\u00f6tz (K\u00f6rperich), Philipp Kr\u00e4mer (Minden), Maike Langini (Bollendorf-Pont), Regine Lehnen (Stockem), Johannes Lippert (Echternacherbr\u00fcck), Anne-Katrin Michels (Eisenach), Jan Peter Michels (Eisenach), Christina Morgen (Biesdorf), Lisa Niegel (Godendorf), Konrad Nuhn (Neuerburg), Michaela Plein (Bollendorf), Anika Pley (Irrel), Karina Plohmann (Koxhausen), Andreas Protopopescu (Pr\u00fcmzurlay), Linda Reiter (Wintersdorf), Eva Reles (Kruchten), Georg Richarz (K\u00f6rperich), Katja Rings (Oberweis), Michael Ro\u00dfler (Oberweis), Bastian Rust (Kruchten), Anna Schilz (Ralingen), Philipp Schl\u00f6sser (Olk), Alexander Schmitt (Burg), Axel Schmitt (Ferschweiler), Markus Schuster (Ferschweiler), Kerstin Schwarz (Olk), Sabrina Servaes (Oberweis), Elis Steiniger (Meckel), Katharina Steins (Wallendorf), Martin Theisen (Alsdorf), Mathias Thielen (Wallendorf), Stefan Thielen (Mettendorf), Eva Wagner (Ralingen), Stefanie Weber (Messerich), Michael Weier (Bettingen), Nikola Weiler (Ralingen), Katharina Wirtz (Brecht), Nadine Wirtz (Eisenach).\" \/><\/a><br \/>\nDie Namen der Abiturientia 2005: Christian Ackels (Mettendorf), Katharina Backendorf (Godendorf), Annette Billen (Biersdorf am See), Jochen Billen (Biersdorf am See), Nina Blasius (Wallendorf), Susanne Bretz (Mettendorf), Melanie Colljung (Bollendorf), Linda Deutsch (Ernzen), Alrun Doelle (K\u00f6rperich), Mirko Elenz (Ernzen), Pirmin Fontaine (Kruchten), Stephan Geisen (Utscheid), Lena Gerten (Edingen), Julia Haas (Irrel), Thomas Hankes (Wettlingen), Jeanette Harlos (K\u00f6rperich), Kristina Hecker (K\u00f6rperich), Isabelle Hettinger (Hofweiler), Julia Hillesheim (Irrel), Marco Hompes (Weidingen), Stefan Hormes (Karlshausen), Pia H\u00f6sdorff (Ettelbr\u00fcck), Bj\u00f6rn Jegen (Biersdorf am See), Christopher Kaiser (Butzweiler), Patricia Kaminski (Ferschweiler), Ruth Kimmlingen (Minden), Lisa Kolbet (Mettendorf), Mike Korst (Badem), David K\u00f6tz (K\u00f6rperich), Philipp Kr\u00e4mer (Minden), Maike Langini (Bollendorf-Pont), Regine Lehnen (Stockem), Johannes Lippert (Echternacherbr\u00fcck), Anne-Katrin Michels (Eisenach), Jan Peter Michels (Eisenach), Christina Morgen (Biesdorf), Lisa Niegel (Godendorf), Konrad Nuhn (Neuerburg), Michaela Plein (Bollendorf), Anika Pley (Irrel), Karina Plohmann (Koxhausen), Andreas Protopopescu (Pr\u00fcmzurlay), Linda Reiter (Wintersdorf), Eva Reles (Kruchten), Georg Richarz (K\u00f6rperich), Katja Rings (Oberweis), Michael Ro\u00dfler (Oberweis), Bastian Rust (Kruchten), Anna Schilz (Ralingen), Philipp Schl\u00f6sser (Olk), Alexander Schmitt (Burg), Axel Schmitt (Ferschweiler), Markus Schuster (Ferschweiler), Kerstin Schwarz (Olk), Sabrina Servaes (Oberweis), Elis Steiniger (Meckel), Katharina Steins (Wallendorf), Martin Theisen (Alsdorf), Mathias Thielen (Wallendorf), Stefan Thielen (Mettendorf), Eva Wagner (Ralingen), Stefanie Weber (Messerich), Michael Weier (Bettingen), Nikola Weiler (Ralingen), Katharina Wirtz (Brecht), Nadine Wirtz (Eisenach).<\/p>\n","protected":false},"excerpt":{"rendered":"<p>Die Namen der Abiturientia 2005: Christian Ackels (Mettendorf), Katharina Backendorf (Godendorf), Annette Billen (Biersdorf am See), Jochen Billen (Biersdorf am See), Nina Blasius (Wallendorf), Susanne Bretz (Mettendorf), Melanie Colljung (Bollendorf), Linda Deutsch (Ernzen), Alrun Doelle (K\u00f6rperich), Mirko Elenz (Ernzen), Pirmin Fontaine (Kruchten), Stephan Geisen (Utscheid), Lena Gerten (Edingen), Julia Haas (Irrel), Thomas Hankes (Wettlingen), Jeanette [&hellip;]<\/p>\n","protected":false},"author":1,"featured_media":0,"parent":6,"menu_order":0,"comment_status":"open","ping_status":"closed","template":"","meta":{"_et_pb_use_builder":"","_et_pb_old_content":"","_et_gb_content_width":"","footnotes":""},"class_list":["post-30","page","type-page","status-publish","hentry"],"jetpack_sharing_enabled":true,"jetpack_shortlink":"https:\/\/wp.me\/PaKz1-u","_links":{"self":[{"href":"https:\/\/www.ehemalige-biesdorf.de\/index.php?rest_route=\/wp\/v2\/pages\/30","targetHints":{"allow":["GET"]}}],"collection":[{"href":"https:\/\/www.ehemalige-biesdorf.de\/index.php?rest_route=\/wp\/v2\/pages"}],"about":[{"href":"https:\/\/www.ehemalige-biesdorf.de\/index.php?rest_route=\/wp\/v2\/types\/page"}],"author":[{"embeddable":true,"href":"https:\/\/www.ehemalige-biesdorf.de\/index.php?rest_route=\/wp\/v2\/users\/1"}],"replies":[{"embeddable":true,"href":"https:\/\/www.ehemalige-biesdorf.de\/index.php?rest_route=%2Fwp%2Fv2%2Fcomments&post=30"}],"version-history":[{"count":0,"href":"https:\/\/www.ehemalige-biesdorf.de\/index.php?rest_route=\/wp\/v2\/pages\/30\/revisions"}],"up":[{"embeddable":true,"href":"https:\/\/www.ehemalige-biesdorf.de\/index.php?rest_route=\/wp\/v2\/pages\/6"}],"wp:attachment":[{"href":"https:\/\/www.ehemalige-biesdorf.de\/index.php?rest_route=%2Fwp%2Fv2%2Fmedia&parent=30"}],"curies":[{"name":"wp","href":"https:\/\/api.w.org\/{rel}","templated":true}]}}