{"id":254,"date":"2009-03-31T15:37:16","date_gmt":"2009-03-31T14:37:16","guid":{"rendered":"http:\/\/www.ehemalige-biesdorf.de\/wp\/?page_id=254"},"modified":"2010-01-19T09:11:02","modified_gmt":"2010-01-19T08:11:02","slug":"abitur-1976-fehlt","status":"publish","type":"page","link":"https:\/\/www.ehemalige-biesdorf.de\/?page_id=254","title":{"rendered":"Abitur 1976"},"content":{"rendered":"<div id=\"attachment_370\" style=\"width: 522px\" class=\"wp-caption aligncenter\"><a title=\"\" href=\"https:\/\/www.ehemalige-biesdorf.de\/wp\/wp-content\/uploads\/2009\/03\/Abiturjahrgang_19762.jpg\" data-rel=\"lightbox-image-0\" data-rl_title=\"\" data-rl_caption=\"\"><img loading=\"lazy\" decoding=\"async\" aria-describedby=\"caption-attachment-370\" class=\"size-full wp-image-378  \" title=\"Abiturjahrgang_1976\" src=\"https:\/\/www.ehemalige-biesdorf.de\/wp\/wp-content\/uploads\/2009\/03\/Abiturjahrgang_19762.jpg\" alt=\"Abiturjahrgang_1976\" width=\"512\" height=\"376\" srcset=\"https:\/\/www.ehemalige-biesdorf.de\/wp-content\/uploads\/2009\/03\/Abiturjahrgang_19762.jpg 800w, https:\/\/www.ehemalige-biesdorf.de\/wp-content\/uploads\/2009\/03\/Abiturjahrgang_19762-300x220.jpg 300w\" sizes=\"(max-width: 512px) 100vw, 512px\" \/><\/a><p id=\"caption-attachment-370\" class=\"wp-caption-text\">Die Sch\u00fcler stehend von links nach rechts:  Edgar Bormann, Berni Schreiner (verstorben), Horst Krippes, Alois Weimann, Michael Ludwig (mit Zigarette), Werner Faber, J\u00fcrgen Majerus, Wolfgang Erdorf, Theo Helfen, Bernie Sch\u00e4fer, Werner Linster (verstorben), Ingo Brausch, Ludwig Wambach, Karl Novak  Sitzend: Jupp (Josef) M\u00fcller und Martin Zehren.<\/p><\/div>\n<p>Das Foto stammt von Alois Weimann und es wurde uns freundlicherweise von Ingo Brausch zur Verf\u00fcgung gestellt. Besten Dank!<\/p>\n<p style=\"text-align: center;\">\n","protected":false},"excerpt":{"rendered":"<p>Das Foto stammt von Alois Weimann und es wurde uns freundlicherweise von Ingo Brausch zur Verf\u00fcgung gestellt. Besten Dank!<\/p>\n","protected":false},"author":1,"featured_media":0,"parent":6,"menu_order":0,"comment_status":"open","ping_status":"closed","template":"","meta":{"_et_pb_use_builder":"","_et_pb_old_content":"","_et_gb_content_width":"","jetpack_post_was_ever_published":false,"footnotes":""},"class_list":["post-254","page","type-page","status-publish","hentry"],"jetpack_sharing_enabled":true,"jetpack_shortlink":"https:\/\/wp.me\/PaKz1-46","_links":{"self":[{"href":"https:\/\/www.ehemalige-biesdorf.de\/index.php?rest_route=\/wp\/v2\/pages\/254","targetHints":{"allow":["GET"]}}],"collection":[{"href":"https:\/\/www.ehemalige-biesdorf.de\/index.php?rest_route=\/wp\/v2\/pages"}],"about":[{"href":"https:\/\/www.ehemalige-biesdorf.de\/index.php?rest_route=\/wp\/v2\/types\/page"}],"author":[{"embeddable":true,"href":"https:\/\/www.ehemalige-biesdorf.de\/index.php?rest_route=\/wp\/v2\/users\/1"}],"replies":[{"embeddable":true,"href":"https:\/\/www.ehemalige-biesdorf.de\/index.php?rest_route=%2Fwp%2Fv2%2Fcomments&post=254"}],"version-history":[{"count":14,"href":"https:\/\/www.ehemalige-biesdorf.de\/index.php?rest_route=\/wp\/v2\/pages\/254\/revisions"}],"predecessor-version":[{"id":383,"href":"https:\/\/www.ehemalige-biesdorf.de\/index.php?rest_route=\/wp\/v2\/pages\/254\/revisions\/383"}],"up":[{"embeddable":true,"href":"https:\/\/www.ehemalige-biesdorf.de\/index.php?rest_route=\/wp\/v2\/pages\/6"}],"wp:attachment":[{"href":"https:\/\/www.ehemalige-biesdorf.de\/index.php?rest_route=%2Fwp%2Fv2%2Fmedia&parent=254"}],"curies":[{"name":"wp","href":"https:\/\/api.w.org\/{rel}","templated":true}]}}