{"id":244,"date":"2009-03-31T15:24:34","date_gmt":"2009-03-31T14:24:34","guid":{"rendered":"http:\/\/www.ehemalige-biesdorf.de\/wp\/?page_id=244"},"modified":"2011-10-12T12:00:46","modified_gmt":"2011-10-12T11:00:46","slug":"abitur-1987-fehlt","status":"publish","type":"page","link":"https:\/\/www.ehemalige-biesdorf.de\/?page_id=244","title":{"rendered":"Abitur 1987"},"content":{"rendered":"<div id=\"attachment_507\" style=\"width: 410px\" class=\"wp-caption alignleft\"><a title=\"\" href=\"https:\/\/www.ehemalige-biesdorf.de\/wp\/wp-content\/uploads\/2009\/03\/Biesdorf_Abiturjahrgang_1987_web.jpg\" data-rel=\"lightbox-image-0\" data-rl_title=\"\" data-rl_caption=\"\"><img loading=\"lazy\" decoding=\"async\" aria-describedby=\"caption-attachment-507\" class=\"size-medium wp-image-507   \" title=\"Biesdorf_Abiturjahrgang_1987_web\" src=\"https:\/\/www.ehemalige-biesdorf.de\/wp\/wp-content\/uploads\/2009\/03\/Biesdorf_Abiturjahrgang_1987_web-300x202.jpg\" alt=\"Abiturientia 1987\" width=\"400\" height=\"275\" \/><\/a><p id=\"caption-attachment-507\" class=\"wp-caption-text\">Abiturientia 1987<\/p><\/div>\n<p>&nbsp;<\/p>\n<p>&nbsp;<\/p>\n<p>&nbsp;<\/p>\n<p>&nbsp;<\/p>\n<p>&nbsp;<\/p>\n<p>&nbsp;<\/p>\n<p>&nbsp;<\/p>\n<p>&nbsp;<\/p>\n<p>&nbsp;<\/p>\n<p>&nbsp;<\/p>\n<p>&nbsp;<\/p>\n<p>Nachstehend noch die Namen zu den Personen auf dem Foto, immer von links nach rechts:\u00a0 Dr. Stefan Rumpf, Gero Noehl, Elmar Scheuren, Frank Heidger, Marion Bauer-Reifer geb. Bauer, Petra Baron geb. Heyen, Hans-Peter Weber, Richard Kimmlingen, Karin Bertrand geb. Duplang, Silvia Ewerhardt, Anja Lingel geb. Kranz, Karin Stockemer geb. Ewerhardt, Richard Steffen, Raymund Haller (verdeckt), Ralf Schliebs, Burkhard Zender, Joachim Steffen, Christina Saffrich geb. Dondelinger, Lothar Ludwig, Wolfgang Weimann, G\u00fcnter Fisch, Joachim Kanz, Ernst Berens, Stefan Schilz, Marco Br\u00fcck, Judith geb. Mies, Markus Schiffer, Andrea Groben geb. Zimmermann (halb verdeckt), Iris Trierweiler-Schiffer, Veronika geb. Magoley, Dr. Elisabeth Steimetz, J\u00fcrgen Kusch Raymond Haag, Ulrich Sch\u00f6tt, Thomas Weiler, Martin Rommelfanger, Anita Sonndag, Michael Pelzer, Christiane Burell geb. G\u00fcnter, Elke Schneider geb. Schramer, Michaela Zimmer Marco Dederichs, Alexander (Sascha) Antoine<\/p>\n<p>(eingesandt von Michaela Zimmer)<\/p>\n","protected":false},"excerpt":{"rendered":"<p>&nbsp; &nbsp; &nbsp; &nbsp; &nbsp; &nbsp; &nbsp; &nbsp; &nbsp; &nbsp; &nbsp; Nachstehend noch die Namen zu den Personen auf dem Foto, immer von links nach rechts:\u00a0 Dr. Stefan Rumpf, Gero Noehl, Elmar Scheuren, Frank Heidger, Marion Bauer-Reifer geb. Bauer, Petra Baron geb. Heyen, Hans-Peter Weber, Richard Kimmlingen, Karin Bertrand geb. Duplang, Silvia Ewerhardt, Anja Lingel [&hellip;]<\/p>\n","protected":false},"author":1,"featured_media":0,"parent":6,"menu_order":0,"comment_status":"open","ping_status":"closed","template":"","meta":{"_et_pb_use_builder":"","_et_pb_old_content":"","_et_gb_content_width":"","jetpack_post_was_ever_published":false,"footnotes":""},"class_list":["post-244","page","type-page","status-publish","hentry"],"jetpack_sharing_enabled":true,"jetpack_shortlink":"https:\/\/wp.me\/PaKz1-3W","_links":{"self":[{"href":"https:\/\/www.ehemalige-biesdorf.de\/index.php?rest_route=\/wp\/v2\/pages\/244","targetHints":{"allow":["GET"]}}],"collection":[{"href":"https:\/\/www.ehemalige-biesdorf.de\/index.php?rest_route=\/wp\/v2\/pages"}],"about":[{"href":"https:\/\/www.ehemalige-biesdorf.de\/index.php?rest_route=\/wp\/v2\/types\/page"}],"author":[{"embeddable":true,"href":"https:\/\/www.ehemalige-biesdorf.de\/index.php?rest_route=\/wp\/v2\/users\/1"}],"replies":[{"embeddable":true,"href":"https:\/\/www.ehemalige-biesdorf.de\/index.php?rest_route=%2Fwp%2Fv2%2Fcomments&post=244"}],"version-history":[{"count":5,"href":"https:\/\/www.ehemalige-biesdorf.de\/index.php?rest_route=\/wp\/v2\/pages\/244\/revisions"}],"predecessor-version":[{"id":508,"href":"https:\/\/www.ehemalige-biesdorf.de\/index.php?rest_route=\/wp\/v2\/pages\/244\/revisions\/508"}],"up":[{"embeddable":true,"href":"https:\/\/www.ehemalige-biesdorf.de\/index.php?rest_route=\/wp\/v2\/pages\/6"}],"wp:attachment":[{"href":"https:\/\/www.ehemalige-biesdorf.de\/index.php?rest_route=%2Fwp%2Fv2%2Fmedia&parent=244"}],"curies":[{"name":"wp","href":"https:\/\/api.w.org\/{rel}","templated":true}]}}