{"id":24,"date":"2008-01-17T14:48:35","date_gmt":"2008-01-17T13:48:35","guid":{"rendered":"http:\/\/www.ehemalige-biesdorf.de\/wp\/auch-schon-drin\/abitur-1999\/"},"modified":"2008-02-29T13:56:02","modified_gmt":"2008-02-29T12:56:02","slug":"abitur-1999","status":"publish","type":"page","link":"https:\/\/www.ehemalige-biesdorf.de\/?page_id=24","title":{"rendered":"Abitur 1999"},"content":{"rendered":"<p><a href=\"https:\/\/www.ehemalige-biesdorf.de\/wp\/wp-content\/uploads\/2008\/01\/abi99_462.jpg\" title=\"\" data-rel=\"lightbox-image-0\" data-rl_title=\"\" data-rl_caption=\"\"><img decoding=\"async\" src=\"https:\/\/www.ehemalige-biesdorf.de\/wp\/wp-content\/uploads\/2008\/01\/abi99_462.jpg\" alt=\"Abiturientia 1999 erste Reihe (von links nach rechts): Patrick Kolbet, Daniel Schmidt, Uli Schl\u00f6sser, Elena D\u00fcrksen, Marion Palgen, Vera Ludwig, Yvonne Heid zweite Reihe: Jan Surges, Stephan Palzkill, Andreas Kollas, Kathrin Mathieu, Ursula Theis, Miriam Cruchter, Dorothee Gans dritte Reihe: Marco Ziwes, Gerd Sonnen, Marco Rau, Diana Hoff, Martina Mayer vierte Reihe: Eric Molitor, Andreas Barthelmes, Simone Recht, Michael Flick, Andrea M\u00fcnchen, Ina Peters, Heike Melchior f\u00fcnfte Reihe: Michael Juchmes, Simone Pax, Sabine Edringer, Christian Francois, Patrick Backendorf, Judith B\u00f6ttel sechste Reihe: Michael Milbert, Christina Wirz, Mathias Nies, Veit Graef, Marius Merten, Karin Praus, Simone M\u00fcller siebte Reihe: Raphael Kuhnen, Ruth G\u00f6bel, Kerstin Mohr, Rainer Strellen, Stephan Willems, Martin Reden, Ruth Richarz\" \/><\/a><\/p>\n<p><span class=\"highlightsmall\">Abiturientia 1999 <\/span>erste Reihe (von links nach rechts): Patrick Kolbet, Daniel Schmidt, Uli Schl\u00f6sser, Elena D\u00fcrksen, Marion Palgen, Vera Ludwig, Yvonne Heid zweite Reihe: Jan Surges, Stephan Palzkill, Andreas Kollas, Kathrin Mathieu, Ursula Theis, Miriam Cruchter, Dorothee Gans dritte Reihe: Marco Ziwes, Gerd Sonnen, Marco Rau, Diana Hoff, Martina Mayer vierte Reihe: Eric Molitor, Andreas Barthelmes, Simone Recht, Michael Flick, Andrea M\u00fcnchen, Ina Peters, Heike Melchior f\u00fcnfte Reihe: Michael Juchmes, Simone Pax, Sabine Edringer, Christian Francois, Patrick Backendorf, Judith B\u00f6ttel sechste Reihe: Michael Milbert, Christina Wirz, Mathias Nies, Veit Graef, Marius Merten, Karin Praus, Simone M\u00fcller siebte Reihe: Raphael Kuhnen, Ruth G\u00f6bel, Kerstin Mohr, Rainer Strellen, Stephan Willems, Martin Reden, Ruth Richarz.<\/p>\n<p><span class=\"normal\">Das hier gezeigte Jahrgangsfoto wurde freundlicherweise von Michael Milbert an die Redaktion geschickt.<\/span><\/p>\n","protected":false},"excerpt":{"rendered":"<p>Abiturientia 1999 erste Reihe (von links nach rechts): Patrick Kolbet, Daniel Schmidt, Uli Schl\u00f6sser, Elena D\u00fcrksen, Marion Palgen, Vera Ludwig, Yvonne Heid zweite Reihe: Jan Surges, Stephan Palzkill, Andreas Kollas, Kathrin Mathieu, Ursula Theis, Miriam Cruchter, Dorothee Gans dritte Reihe: Marco Ziwes, Gerd Sonnen, Marco Rau, Diana Hoff, Martina Mayer vierte Reihe: Eric Molitor, Andreas [&hellip;]<\/p>\n","protected":false},"author":1,"featured_media":0,"parent":6,"menu_order":0,"comment_status":"open","ping_status":"closed","template":"","meta":{"_et_pb_use_builder":"","_et_pb_old_content":"","_et_gb_content_width":"","jetpack_post_was_ever_published":false,"footnotes":""},"class_list":["post-24","page","type-page","status-publish","hentry"],"jetpack_sharing_enabled":true,"jetpack_shortlink":"https:\/\/wp.me\/PaKz1-o","_links":{"self":[{"href":"https:\/\/www.ehemalige-biesdorf.de\/index.php?rest_route=\/wp\/v2\/pages\/24","targetHints":{"allow":["GET"]}}],"collection":[{"href":"https:\/\/www.ehemalige-biesdorf.de\/index.php?rest_route=\/wp\/v2\/pages"}],"about":[{"href":"https:\/\/www.ehemalige-biesdorf.de\/index.php?rest_route=\/wp\/v2\/types\/page"}],"author":[{"embeddable":true,"href":"https:\/\/www.ehemalige-biesdorf.de\/index.php?rest_route=\/wp\/v2\/users\/1"}],"replies":[{"embeddable":true,"href":"https:\/\/www.ehemalige-biesdorf.de\/index.php?rest_route=%2Fwp%2Fv2%2Fcomments&post=24"}],"version-history":[{"count":0,"href":"https:\/\/www.ehemalige-biesdorf.de\/index.php?rest_route=\/wp\/v2\/pages\/24\/revisions"}],"up":[{"embeddable":true,"href":"https:\/\/www.ehemalige-biesdorf.de\/index.php?rest_route=\/wp\/v2\/pages\/6"}],"wp:attachment":[{"href":"https:\/\/www.ehemalige-biesdorf.de\/index.php?rest_route=%2Fwp%2Fv2%2Fmedia&parent=24"}],"curies":[{"name":"wp","href":"https:\/\/api.w.org\/{rel}","templated":true}]}}