{"id":19,"date":"2008-01-17T14:46:56","date_gmt":"2008-01-17T13:46:56","guid":{"rendered":"http:\/\/www.ehemalige-biesdorf.de\/wp\/auch-schon-drin\/abitur-1984\/"},"modified":"2013-08-22T17:46:08","modified_gmt":"2013-08-22T16:46:08","slug":"abitur-1984","status":"publish","type":"page","link":"https:\/\/www.ehemalige-biesdorf.de\/?page_id=19","title":{"rendered":"Abitur 1984"},"content":{"rendered":"<p><a href=\"https:\/\/www.ehemalige-biesdorf.de\/wp\/wp-content\/uploads\/2008\/01\/abiturientia1984.jpg\" data-rel=\"lightbox-image-0\" data-rl_title=\"\" data-rl_caption=\"\"><img loading=\"lazy\" decoding=\"async\" class=\" alignnone\" title=\"\" alt=\"\" src=\"https:\/\/www.ehemalige-biesdorf.de\/wp\/wp-content\/uploads\/2008\/01\/abiturientia1984.jpg\" width=\"560\" height=\"379\" \/><\/a><\/p>\n<p><span class=\"highlightsmall\">Abiturientia 1984 <\/span>(von hinten und von links nach rechts): Bruno Hauer, Norbert Meyer, Herbert Schr\u00f6der, Rainer Theisen, Dietmar Heck, Reiner Kohl, Bernhard Blitsch, Markus Schulze-Icking, G\u00fcnther Nosb\u00fcsch, Helmut Wagner, Martina Zillien, Klemens Molitor, Jean-Marie Will, Gabriele Roeder, J\u00fcrgen Schmidt, Claudia Koster, Heike Ziegler, Andrea Wirtz, Dorothee Marx, Petra Kockelmann, Marianne Reuter, Andrea Wagner, Christa Hamper, Tanja Schwerer, Georg Alten, Andreas Stolz, Mechtild Bartz, Detlef Masselter, Ewald Blasen, Rainer Burrelbach, Rainer Krippes, Ursula Ludwig, Richard Lenz, Andrea Rumpf, Brigitte Schmitt, Beatrice Werth, Thomas Husch, Hermann Laub, Petra Weber, Peter Begon, Roswitha Schmitt, Marina Schr\u00f6der, Martin Huber, Burkhard Kohl, Paul Kraus, Joel Revelle.<\/p>\n<h2>Ein Treffen 20 Jahre nach dem Abi<\/h2>\n<p><span class=\"normal\">Am 22. Mai 2004 traf sich der Abitur-Jahrgang 1984 in Biesdorf. Nur wenige vorangegangene Jahrg\u00e4nge d\u00fcrften es bisher geschafft haben und eine so gute Quote erzielt haben: Es waren 39 von ehemals 47 Sch\u00fclern angemeldet - eine der angemeldeteten konnte leider nicht kommen - also m\u00fcssten auf dem obligatorischen Foto auf der Treppe 38 Leute sein! Das ist sehr beachtlich und spricht f\u00fcr das gro\u00dfe Interesse der Ehemaligen sich wiederzusehen und voneinander zu erfahren. Zus\u00e4tzlich sieht man auf dem Foto noch unseren ehemaligen Sportlehrer Herrn Th\u00f6mmes. Die Aufnahme hat Herr Kaufmann dankenswerterweise gemacht.<\/span><\/p>\n<p align=\"left\"><a title=\"\" href=\"https:\/\/www.ehemalige-biesdorf.de\/wp\/wp-content\/uploads\/2008\/01\/abiturientia1984anno2004.jpg\" data-rel=\"lightbox-image-1\" data-rl_title=\"\" data-rl_caption=\"\"><img decoding=\"async\" alt=\"Der Jahrgang 1984 im Mai 2004.\" src=\"https:\/\/www.ehemalige-biesdorf.de\/wp\/wp-content\/uploads\/2008\/01\/abiturientia1984anno2004.thumbnail.jpg\" align=\"left\" border=\"1\" hspace=\"15\" \/><\/a>Das Treffen verlief wie geplant: Zu Beginn gab es eine Messe in der Klosterkirche, die von Pater M\u00fcller zelebriert wurde, und an der auch Herr Th\u00f6mmes und Herr Kaufmann teilnahmen. Anschlie\u00dfend fand ein gem\u00fctliches Beisammensein mit Sekt, Kaffee und Kuchen im Speisesaal des ehemaligen Internates statt. Und nur wenig sp\u00e4ter wurde es ausgesprochen kurzweilig durch das Vorf\u00fchren der Dias von verschiedenen Schulausfl\u00fcgen (Rainer Kohl) und eines Super-8-Films von der Oberstufenfahrt nach Esslingen (Burkhard Kohl). Als weitere ehemalige Lehrer des Jahrgangs gesellten sich Herr Gertler und Pater Vitt noch zu der lustigen Runde.<\/p>\n<p align=\"left\">&#8222;Nach einer kurzen Schulhofrunde und Begehung der fr\u00fcheren Wirkungsst\u00e4tte fuhren wir dann gegen 18 Uhr zum Hotel Ritschlay nach Bollendorf. Nach dem Empfang verlegten wir unser Treffen dann zwecks des Essens und des ausgiebigen Erfahrungsaustauschs in den gem\u00fctlichen Gew\u00f6lbekeller&#8220;, beschreibt Jean-Marie Will die gelungene Veranstaltung.<\/p>\n<p align=\"left\">Wie lange die Biesdorfer des 1984er Jahrgangs in Erinnerungen schwelgten und ein Wiedersehen feierten, wurde der Redaktion nicht berichtet.<\/p>\n","protected":false},"excerpt":{"rendered":"<p>Abiturientia 1984 (von hinten und von links nach rechts): Bruno Hauer, Norbert Meyer, Herbert Schr\u00f6der, Rainer Theisen, Dietmar Heck, Reiner Kohl, Bernhard Blitsch, Markus Schulze-Icking, G\u00fcnther Nosb\u00fcsch, Helmut Wagner, Martina Zillien, Klemens Molitor, Jean-Marie Will, Gabriele Roeder, J\u00fcrgen Schmidt, Claudia Koster, Heike Ziegler, Andrea Wirtz, Dorothee Marx, Petra Kockelmann, Marianne Reuter, Andrea Wagner, Christa Hamper, [&hellip;]<\/p>\n","protected":false},"author":1,"featured_media":0,"parent":6,"menu_order":0,"comment_status":"open","ping_status":"closed","template":"","meta":{"_et_pb_use_builder":"","_et_pb_old_content":"","_et_gb_content_width":"","jetpack_post_was_ever_published":false,"footnotes":""},"class_list":["post-19","page","type-page","status-publish","hentry"],"jetpack_sharing_enabled":true,"jetpack_shortlink":"https:\/\/wp.me\/PaKz1-j","_links":{"self":[{"href":"https:\/\/www.ehemalige-biesdorf.de\/index.php?rest_route=\/wp\/v2\/pages\/19","targetHints":{"allow":["GET"]}}],"collection":[{"href":"https:\/\/www.ehemalige-biesdorf.de\/index.php?rest_route=\/wp\/v2\/pages"}],"about":[{"href":"https:\/\/www.ehemalige-biesdorf.de\/index.php?rest_route=\/wp\/v2\/types\/page"}],"author":[{"embeddable":true,"href":"https:\/\/www.ehemalige-biesdorf.de\/index.php?rest_route=\/wp\/v2\/users\/1"}],"replies":[{"embeddable":true,"href":"https:\/\/www.ehemalige-biesdorf.de\/index.php?rest_route=%2Fwp%2Fv2%2Fcomments&post=19"}],"version-history":[{"count":5,"href":"https:\/\/www.ehemalige-biesdorf.de\/index.php?rest_route=\/wp\/v2\/pages\/19\/revisions"}],"predecessor-version":[{"id":641,"href":"https:\/\/www.ehemalige-biesdorf.de\/index.php?rest_route=\/wp\/v2\/pages\/19\/revisions\/641"}],"up":[{"embeddable":true,"href":"https:\/\/www.ehemalige-biesdorf.de\/index.php?rest_route=\/wp\/v2\/pages\/6"}],"wp:attachment":[{"href":"https:\/\/www.ehemalige-biesdorf.de\/index.php?rest_route=%2Fwp%2Fv2%2Fmedia&parent=19"}],"curies":[{"name":"wp","href":"https:\/\/api.w.org\/{rel}","templated":true}]}}