{"id":185,"date":"2008-01-09T21:26:29","date_gmt":"2008-01-09T20:26:29","guid":{"rendered":"http:\/\/www.ehemalige-biesdorf.de\/wp\/?page_id=185"},"modified":"2015-05-19T19:26:17","modified_gmt":"2015-05-19T18:26:17","slug":"herzlich-willkommen","status":"publish","type":"page","link":"https:\/\/www.ehemalige-biesdorf.de\/?page_id=185","title":{"rendered":"Herzlich willkommen"},"content":{"rendered":"<p>[et_pb_section fullwidth=&#8220;on&#8220; specialty=&#8220;off&#8220; background_color=&#8220;#f7f7f7&#8243; inner_shadow=&#8220;on&#8220; parallax=&#8220;off&#8220;][et_pb_fullwidth_slider admin_label=&#8220;Vollbreiter Slider&#8220; show_arrows=&#8220;off&#8220; show_pagination=&#8220;off&#8220; auto=&#8220;off&#8220; parallax=&#8220;off&#8220; parallax_method=&#8220;off&#8220;][et_pb_slide background_image=&#8220;https:\/\/www.ehemalige-biesdorf.de\/wp-content\/uploads\/2015\/05\/Biesdorf_Aussengelaende_alte_Schule.jpg&#8220; background_color=&#8220;#ffffff&#8220; alignment=&#8220;center&#8220; background_layout=&#8220;dark&#8220; allow_player_pause=&#8220;off&#8220; \/][\/et_pb_fullwidth_slider][\/et_pb_section][et_pb_section fullwidth=&#8220;off&#8220; specialty=&#8220;off&#8220;][et_pb_row][et_pb_column type=&#8220;2_3&#8243;][et_pb_text admin_label=&#8220;Text&#8220; background_layout=&#8220;light&#8220; text_orientation=&#8220;left&#8220;]<\/p>\n<p align=\"left\"><span class=\"normal\"><strong>Herzlich willkommen beim Kreis Ehemaliger und Freunde des Sankt-Josef Gymnasiums Biesdorf\/Eifel! <\/strong><\/span><strong>Diese Website m\u00f6chte allen interessierten Ehemaligen und Freunden des Biesdorfer Gymnasiums ein Forum zur Kontaktpflege und des Austauschs bieten.<\/strong><\/p>\n<p><a title=\"\" href=\"https:\/\/www.ehemalige-biesdorf.de\/wp\/wp-content\/uploads\/2008\/02\/biesdorf_von_oben.jpg\" data-rel=\"lightbox-image-0\" data-rl_title=\"\" data-rl_caption=\"\"><img loading=\"lazy\" decoding=\"async\" class=\"  alignleft\" style=\"margin-left: 15px; margin-right: 15px; border: 1px solid black;\" title=\"Biesdorf aus der Vogelperspektive (in den 80er Jahren)\" src=\"https:\/\/www.ehemalige-biesdorf.de\/wp\/wp-content\/uploads\/2008\/02\/biesdorf_von_oben.thumbnail.jpg\" alt=\"Biesdorf aus der Vogelperspektive (in den 80er Jahren)\" width=\"128\" height=\"89\" align=\"left\" border=\"1\" hspace=\"15\" \/><\/a><\/p>\n<p align=\"normal\">Die erste Webpr\u00e4senz des Ehemaligenkreises ging 2001 online. Durch den Aufbau eines von uns damals so genannten &#8222;<strong>E<\/strong>hemaligen-<strong>I<\/strong>nformations-<strong>S<\/strong>ystems&#8220; (kurz &#8222;EIS&#8220;) wollten wir die M\u00f6glichkeit schaffen, dass viele der ehemaligen Sch\u00fcler\/Innen leicht miteinander in Kontakt bleiben oder denselben ohne gro\u00dfe Rechercheh\u00fcrden wieder aufnehmen k\u00f6nnen. Es handelte sich beim &#8222;EIS&#8220; um ein datenbankgest\u00fctztes Online-Adressverzeichnis, das von den Teilnehmenden selbst mit Daten versehen und gepflegt wurde. Im Laufe der Zeit haben sich dort mehr als 390 Personen mit ihren Daten registriert. Das ist gemessen an den tats\u00e4chlichen Absolventen der Schule seit 1966 ein eher bescheidener Teil; die Zugriffszahlen auf das EIS waren entsprechend verhalten.<\/p>\n<p align=\"normal\">Der eingetragene Verein des Ehemaligenkreises hat sich konsequenterweise nach \u00fcber 25 Jahren 2007 aufgel\u00f6st. Nichtsdestotrotz m\u00f6chten wir die Webpr\u00e4senz unter der Adresse &#8222;www.ehemalige-biesdorf.de&#8220; weiterf\u00fchren. Die bisherige Website wurde daher komplett \u00fcberarbeitet und wird k\u00fcnftig in Form eines Weblogs betrieben.<\/p>\n<p align=\"normal\">An dieser Stelle m\u00f6chten wir die Gelegenheit nutzen und alle interessierten Besucher dieser Seiten ermuntern: Wer noch historisches oder anderes Bild- und\/oder Textmaterial besitzt, das f\u00fcr den Kreis der ehemaligen Biesdorfer Sch\u00fcler von Interesse sein k\u00f6nnte, m\u00f6ge sich bitte direkt an uns wenden.<\/p>\n<p>Dies geschieht am einfachsten per E-Mail an die folgende Adresse: \u201c<span style=\"color: #0000ff;\"><strong>ehemalige-biesdorfer<\/strong><\/span> [Klammeraffe] <strong><span style=\"color: #0000ff;\">gmx<\/span> <\/strong>[Punkt] <span style=\"color: #0000ff;\"><strong>de<\/strong><\/span>\u201d. Das Gleiche gilt selbstverst\u00e4ndlich auch f\u00fcr konstruktive Vorschl\u00e4ge bez\u00fcglich dieser Webpr\u00e4senz. Gibt es Informationen oder Themen, die Sie hier vermissen oder gerne beisteuern m\u00f6chten? Nur zu, wir freuen uns \u00fcber Ihre R\u00fcckmeldung!<\/p>\n<p><em>Josef Thiel und Reinhard Vitt<\/em><\/p>\n<p align=\"left\">\n<p>[\/et_pb_text][\/et_pb_column][et_pb_column type=&#8220;1_3&#8243;][et_pb_sidebar admin_label=&#8220;Seitenleiste&#8220; orientation=&#8220;left&#8220; area=&#8220;sidebar-1&#8243; background_layout=&#8220;light&#8220; \/][\/et_pb_column][\/et_pb_row][\/et_pb_section]<\/p>\n","protected":false},"excerpt":{"rendered":"<p>Herzlich willkommen beim Kreis Ehemaliger und Freunde&#8230;<\/p>\n","protected":false},"author":1,"featured_media":0,"parent":0,"menu_order":1,"comment_status":"open","ping_status":"closed","template":"","meta":{"_et_pb_use_builder":"on","_et_pb_old_content":"<p align=\"left\"><span class=\"normal\"><strong>\u2026 beim Kreis Ehemaliger und Freunde des Sankt-Josef Gymnasiums Biesdorf\/Eifel! <\/strong><\/span><strong>Diese Website m\u00f6chte allen interessierten Ehemaligen und Freunden des Biesdorfer Gymnasiums ein Forum zur Kontaktpflege und des Austauschs bieten.<\/strong><\/p><p><a title=\"Biesdorf aus der Vogelperspektive (in den 80er Jahren)\" href=\"http:\/\/www.ehemalige-biesdorf.de\/wp\/wp-content\/uploads\/2008\/02\/biesdorf_von_oben.jpg\"><img class=\"  alignleft\" style=\"margin-left: 15px; margin-right: 15px; border: 1px solid black;\" title=\"Biesdorf aus der Vogelperspektive (in den 80er Jahren)\" src=\"http:\/\/www.ehemalige-biesdorf.de\/wp\/wp-content\/uploads\/2008\/02\/biesdorf_von_oben.thumbnail.jpg\" alt=\"Biesdorf aus der Vogelperspektive (in den 80er Jahren)\" width=\"128\" height=\"89\" align=\"left\" border=\"1\" hspace=\"15\" \/><\/a><\/p><p align=\"normal\">Die erste Webpr\u00e4senz des Ehemaligenkreises ging 2001 online. Durch den Aufbau eines von uns damals so genannten \"<strong>E<\/strong>hemaligen-<strong>I<\/strong>nformations-<strong>S<\/strong>ystems\" (kurz \"EIS\") wollten wir die M\u00f6glichkeit schaffen, dass viele der ehemaligen Sch\u00fcler\/Innen leicht miteinander in Kontakt bleiben oder denselben ohne gro\u00dfe Rechercheh\u00fcrden wieder aufnehmen k\u00f6nnen. Es handelte sich beim \"EIS\" um ein datenbankgest\u00fctztes Online-Adressverzeichnis, das von den Teilnehmenden selbst mit Daten versehen und gepflegt wurde. Im Laufe der Zeit haben sich dort mehr als 390 Personen mit ihren Daten registriert. Das ist gemessen an den tats\u00e4chlichen Absolventen der Schule seit 1966 ein eher bescheidener Teil; die Zugriffszahlen auf das EIS waren entsprechend verhalten.<\/p><p align=\"normal\">Der eingetragene Verein des Ehemaligenkreises hat sich konsequenterweise nach \u00fcber 25 Jahren 2007 aufgel\u00f6st. Nichtsdestotrotz m\u00f6chten wir die Webpr\u00e4senz unter der Adresse \"www.ehemalige-biesdorf.de\" weiterf\u00fchren. Die bisherige Website wurde daher komplett \u00fcberarbeitet und wird k\u00fcnftig in Form eines Weblogs betrieben.<\/p><p align=\"normal\">An dieser Stelle m\u00f6chten wir die Gelegenheit nutzen und alle interessierten Besucher dieser Seiten ermuntern: Wer noch historisches oder anderes Bild- und\/oder Textmaterial besitzt, das f\u00fcr den Kreis der ehemaligen Biesdorfer Sch\u00fcler von Interesse sein k\u00f6nnte, m\u00f6ge sich bitte direkt an uns wenden.<\/p><p>Dies geschieht am einfachsten per E-Mail an die folgende Adresse: \u201c<span style=\"color: #0000ff;\"><strong>ehemalige-biesdorfer<\/strong><\/span> [Klammeraffe] <strong><span style=\"color: #0000ff;\">gmx<\/span> <\/strong>[Punkt] <span style=\"color: #0000ff;\"><strong>de<\/strong><\/span>\u201d. Das Gleiche gilt selbstverst\u00e4ndlich auch f\u00fcr konstruktive Vorschl\u00e4ge bez\u00fcglich dieser Webpr\u00e4senz. Gibt es Informationen oder Themen, die Sie hier vermissen oder gerne beisteuern m\u00f6chten? Nur zu, wir freuen uns \u00fcber Ihre R\u00fcckmeldung!<\/p><p><em>Josef Thiel und Reinhard Vitt<\/em><\/p><p align=\"left\">\u00a0<\/p>","_et_gb_content_width":"","jetpack_post_was_ever_published":false,"footnotes":""},"class_list":["post-185","page","type-page","status-publish","hentry"],"jetpack_sharing_enabled":true,"jetpack_shortlink":"https:\/\/wp.me\/PaKz1-2Z","_links":{"self":[{"href":"https:\/\/www.ehemalige-biesdorf.de\/index.php?rest_route=\/wp\/v2\/pages\/185","targetHints":{"allow":["GET"]}}],"collection":[{"href":"https:\/\/www.ehemalige-biesdorf.de\/index.php?rest_route=\/wp\/v2\/pages"}],"about":[{"href":"https:\/\/www.ehemalige-biesdorf.de\/index.php?rest_route=\/wp\/v2\/types\/page"}],"author":[{"embeddable":true,"href":"https:\/\/www.ehemalige-biesdorf.de\/index.php?rest_route=\/wp\/v2\/users\/1"}],"replies":[{"embeddable":true,"href":"https:\/\/www.ehemalige-biesdorf.de\/index.php?rest_route=%2Fwp%2Fv2%2Fcomments&post=185"}],"version-history":[{"count":11,"href":"https:\/\/www.ehemalige-biesdorf.de\/index.php?rest_route=\/wp\/v2\/pages\/185\/revisions"}],"predecessor-version":[{"id":830,"href":"https:\/\/www.ehemalige-biesdorf.de\/index.php?rest_route=\/wp\/v2\/pages\/185\/revisions\/830"}],"wp:attachment":[{"href":"https:\/\/www.ehemalige-biesdorf.de\/index.php?rest_route=%2Fwp%2Fv2%2Fmedia&parent=185"}],"curies":[{"name":"wp","href":"https:\/\/api.w.org\/{rel}","templated":true}]}}