{"id":13,"date":"2008-01-17T14:44:59","date_gmt":"2008-01-17T13:44:59","guid":{"rendered":"http:\/\/www.ehemalige-biesdorf.de\/wp\/auch-schon-drin\/abitur-1973\/"},"modified":"2008-02-29T13:45:31","modified_gmt":"2008-02-29T12:45:31","slug":"abitur-1973","status":"publish","type":"page","link":"https:\/\/www.ehemalige-biesdorf.de\/?page_id=13","title":{"rendered":"Abitur 1973"},"content":{"rendered":"<p> <a href=\"https:\/\/www.ehemalige-biesdorf.de\/wp\/wp-content\/uploads\/2008\/01\/abiturientia1973.jpg\" title=\"\" data-rel=\"lightbox-image-0\" data-rl_title=\"\" data-rl_caption=\"\"><img decoding=\"async\" src=\"https:\/\/www.ehemalige-biesdorf.de\/wp\/wp-content\/uploads\/2008\/01\/abiturientia1973.jpg\" alt=\"Abiturientia 1973 In der hinteren Reihe v. l. n. r. : Konrad Freiwald und Peter Kockelmann, in der 2. Reihe: Karl-Heinz Rausch, Helmut Hager, Siegfried Fandel, Werner Wagner (bereits verstorben), Walter Schmalen, Oswald Frisch, Pater Griebel und Herr Beyer und in der unteren Reihe Johannes Arnold Busch, Norbert Kugel, Barthel Krupp, Gerhard Dauwen, Pater Schnur (unser Klassenlehrer in der Sexta) und Pater B\u00fcllesbach.\" \/><\/a><\/p>\n<p><span class=\"highlightsmall\">In der hinteren Reihe v. l. n. r. : <\/span>Konrad Freiwald und Peter Kockelmann, in der 2. Reihe: Karl-Heinz Rausch, Helmut Hager, Siegfried Fandel, Werner Wagner (bereits verstorben), Walter Schmalen, Oswald Frisch, Pater Griebel und Herr Beyer und in der unteren Reihe Johannes Arnold Busch, Norbert Kugel, Barthel Krupp, Gerhard Dauwen, Pater Schnur (unser Klassenlehrer in der Sexta) und Pater B\u00fcllesbach.<\/p>\n<h2>Nach drei Jahrzehnten wieder in Biesdorf<\/h2>\n<p><span class=\"normal\">Wir haben vor nunmehr 30 (in Worten drei\u00dfig) Jahren am 18. Mai 1973 mit damals nur 12 Sch\u00fclern unser Abitur in Biesdorf gemacht. Herr Josef Beyer war unser Klassenlehrer.<br \/>\nVon diesen Zw\u00f6lfen haben am 22.November 2003 dann immerhin noch<br \/>\nsieben gestandene M\u00e4nner den Weg in die Eifel gefunden.<\/span><\/p>\n<p><a href=\"https:\/\/www.ehemalige-biesdorf.de\/wp\/wp-content\/uploads\/2008\/01\/abiturientia1973anno2003.jpg\" title=\"\" data-rel=\"lightbox-image-1\" data-rl_title=\"\" data-rl_caption=\"\"><img decoding=\"async\" src=\"https:\/\/www.ehemalige-biesdorf.de\/wp\/wp-content\/uploads\/2008\/01\/abiturientia1973anno2003.thumbnail.jpg\" alt=\"Die Abiturientia von 1973 im Jahre 2003: In der hinteren Reihe v. l. n. r. Konrad Freiwald, Siegfried Fandel, Helmut Hager und Oswald Frisch, in der vorderen Reihe: Walter Schmalen, Karl-Heinz Rausch und Peter Kockelmann.\" align=\"left\" hspace=\"15\" \/><\/a>Wir hatten uns im Hotel Burg Bollendorf getroffen und sind von dort nach Biesdorf gefahren, wo wir von Pater Reinhard Vitt und Pater Hans-Werner Schulte, unserem ehemaligen Lateinlehrer, empfangen wurden. Wir haben die neue Schule besichtigt und nat\u00fcrlich unsere<br \/>\nalte sowie das fr\u00fchere Internatsgeb\u00e4ude. An diesem Tag begleiteten uns viele Erinnerungen und jede Menge &#8222;Wei\u00dft-Du-noch-Geschichten&#8220;. Wir verbrachten einige sch\u00f6ne Stunden in unserer &#8222;alten Heimat&#8220;.<\/p>\n<p>Konrad Freiwald, Duisburg<\/p>\n","protected":false},"excerpt":{"rendered":"<p>In der hinteren Reihe v. l. n. r. : Konrad Freiwald und Peter Kockelmann, in der 2. Reihe: Karl-Heinz Rausch, Helmut Hager, Siegfried Fandel, Werner Wagner (bereits verstorben), Walter Schmalen, Oswald Frisch, Pater Griebel und Herr Beyer und in der unteren Reihe Johannes Arnold Busch, Norbert Kugel, Barthel Krupp, Gerhard Dauwen, Pater Schnur (unser Klassenlehrer [&hellip;]<\/p>\n","protected":false},"author":1,"featured_media":0,"parent":6,"menu_order":0,"comment_status":"open","ping_status":"closed","template":"","meta":{"_et_pb_use_builder":"","_et_pb_old_content":"","_et_gb_content_width":"","jetpack_post_was_ever_published":false,"footnotes":""},"class_list":["post-13","page","type-page","status-publish","hentry"],"jetpack_sharing_enabled":true,"jetpack_shortlink":"https:\/\/wp.me\/PaKz1-d","_links":{"self":[{"href":"https:\/\/www.ehemalige-biesdorf.de\/index.php?rest_route=\/wp\/v2\/pages\/13","targetHints":{"allow":["GET"]}}],"collection":[{"href":"https:\/\/www.ehemalige-biesdorf.de\/index.php?rest_route=\/wp\/v2\/pages"}],"about":[{"href":"https:\/\/www.ehemalige-biesdorf.de\/index.php?rest_route=\/wp\/v2\/types\/page"}],"author":[{"embeddable":true,"href":"https:\/\/www.ehemalige-biesdorf.de\/index.php?rest_route=\/wp\/v2\/users\/1"}],"replies":[{"embeddable":true,"href":"https:\/\/www.ehemalige-biesdorf.de\/index.php?rest_route=%2Fwp%2Fv2%2Fcomments&post=13"}],"version-history":[{"count":0,"href":"https:\/\/www.ehemalige-biesdorf.de\/index.php?rest_route=\/wp\/v2\/pages\/13\/revisions"}],"up":[{"embeddable":true,"href":"https:\/\/www.ehemalige-biesdorf.de\/index.php?rest_route=\/wp\/v2\/pages\/6"}],"wp:attachment":[{"href":"https:\/\/www.ehemalige-biesdorf.de\/index.php?rest_route=%2Fwp%2Fv2%2Fmedia&parent=13"}],"curies":[{"name":"wp","href":"https:\/\/api.w.org\/{rel}","templated":true}]}}