{"id":123,"date":"2008-02-29T09:58:24","date_gmt":"2008-02-29T08:58:24","guid":{"rendered":"http:\/\/www.ehemalige-biesdorf.de\/wp\/fotos\/auch-schon-drin\/abitur-1974\/"},"modified":"2009-08-12T12:28:21","modified_gmt":"2009-08-12T11:28:21","slug":"abitur-1974","status":"publish","type":"page","link":"https:\/\/www.ehemalige-biesdorf.de\/?page_id=123","title":{"rendered":"Abitur 1974"},"content":{"rendered":"<p><a title=\"\" href=\"https:\/\/www.ehemalige-biesdorf.de\/wp\/wp-content\/uploads\/2008\/02\/abitur1974.jpg\" data-rel=\"lightbox-image-0\" data-rl_title=\"\" data-rl_caption=\"\"><img decoding=\"async\" class=\"alignnone\" src=\"https:\/\/www.ehemalige-biesdorf.de\/wp\/wp-content\/uploads\/2008\/02\/abitur1974.jpg\" alt=\"Hier die Namen der Abiturienten mit ihren damaligen Pl\u00e4nen zur Studienfach- und Berufswahl: Rolf Erdorf, Wallendorf (Germanistik, Romanistik); Klaus Fink, Neuerburg (Wirtschaftswissenschaften); Herbert Hommerding, Biesdorf (Medizin); Wolfgang Hommes, K\u00f6rperich (Volkswirtschaft); Michael Meiser, Schmelz (Wirtschaftswissenschaft); Peter Melchior, Schwarzenbach (Betriebswirtschaft); Peter Mettler, Morbach (Theologie, Altphilologie); Dietmar Mirkes, K\u00f6rperich, (Geographie); Eugen Monshausen, Landscheid (Theologie); Hubert M\u00fcnster, Panzweiler (P\u00e4dagogik); Wilfried Naber, Bitburg (Maschinenbau, Energietechnik); Thomas Opperskalski, Singen (Medizin); Herrman Rodemers, Auw bei Pr\u00fcm (Bank- und Betriebswirtschaft); Peter Roob, Peffingen (Jura); Matthias Schilz, Lambertsberg (Englisch, Latein); Bernard Schl\u00f6sser, K\u00f6rperich (Diplom-Ingenieur); Stefan Schmitt, Dillingen (Jura); J\u00f6rg Steinbach, Reil (Berufssoldat); Manfred Ziltz, Bad Bertrich (Geschichte, Sozialkunde)\" \/><\/a><\/p>\n<p>Das Foto und die Informationen wurden freundlicherweise von Thomas Opperskalsi (&#8222;Opi&#8220;) zur Verf\u00fcgung gestellt.<\/p>\n<p><a title=\"\" href=\"https:\/\/www.ehemalige-biesdorf.de\/wp\/wp-content\/uploads\/2008\/02\/abitur1974_im_tv.jpg\" data-rel=\"lightbox-image-1\" data-rl_title=\"\" data-rl_caption=\"\"><img loading=\"lazy\" decoding=\"async\" style=\"border: 1px solid black; margin-left: 15px; margin-right: 15px;\" src=\"https:\/\/www.ehemalige-biesdorf.de\/wp\/wp-content\/uploads\/2008\/02\/abitur1974_im_tv.thumbnail.jpg\" border=\"1\" alt=\"Bericht in der lokalen Tageszeitung \u00fcber den Abiturjahrgang 1974.\" hspace=\"15\" width=\"84\" height=\"128\" align=\"left\" \/><\/a>In der lokalen Tageszeitung, dem Trierischen Volksfreund&#8220;, wurde \u00fcber den Schulabschluss, der in Biesdorf damals zum zehnten Mal stattfand, ebenfalls berichtet. Das Jahrgangsfoto wurde versehentlich spiegelverkehrt abgedruckt.<\/p>\n<p>Hier die Namen der Abiturienten mit ihren damaligen Pl\u00e4nen zur Studienfach- und Berufswahl:<\/p>\n<p>Rolf Erdorf, Wallendorf (Germanistik, Romanistik); Klaus Fink, Neuerburg (Wirtschaftswissenschaften); Herbert Hommerding, Biesdorf (Medizin); Wolfgang Hommes, K\u00f6rperich (Volkswirtschaft); Michael Meiser, Schmelz (Wirtschaftswissenschaft); Peter Melchior, Schwarzenbach (Betriebswirtschaft); Peter Mettler, Morbach (Theologie, Altphilologie); Dietmar Mirkes, K\u00f6rperich, (Geographie); Eugen Monshausen, Landscheid (Theologie); Hubert M\u00fcnster, Panzweiler (P\u00e4dagogik); Wilfried Naber, Bitburg (Maschinenbau, Energietechnik); Thomas Opperskalski, Singen (Medizin); Herrman Rodemers, Auw bei Pr\u00fcm (Bank- und Betriebswirtschaft); Peter Roob, Peffingen (Jura); Matthias Schilz, Lambertsberg (Englisch, Latein); Bernard Schl\u00f6sser, K\u00f6rperich (Diplom-Ingenieur); Stefan Schmitt, Dillingen (Jura); J\u00f6rg Steinbach, Reil (Berufssoldat); Manfred Ziltz, Bad Bertrich (Geschichte, Sozialkunde)<\/p>\n","protected":false},"excerpt":{"rendered":"<p>Das Foto und die Informationen wurden freundlicherweise von Thomas Opperskalsi (&#8222;Opi&#8220;) zur Verf\u00fcgung gestellt. In der lokalen Tageszeitung, dem Trierischen Volksfreund&#8220;, wurde \u00fcber den Schulabschluss, der in Biesdorf damals zum zehnten Mal stattfand, ebenfalls berichtet. Das Jahrgangsfoto wurde versehentlich spiegelverkehrt abgedruckt. Hier die Namen der Abiturienten mit ihren damaligen Pl\u00e4nen zur Studienfach- und Berufswahl: Rolf [&hellip;]<\/p>\n","protected":false},"author":1,"featured_media":0,"parent":6,"menu_order":0,"comment_status":"open","ping_status":"closed","template":"","meta":{"_et_pb_use_builder":"","_et_pb_old_content":"","_et_gb_content_width":"","jetpack_post_was_ever_published":false,"footnotes":""},"class_list":["post-123","page","type-page","status-publish","hentry"],"jetpack_sharing_enabled":true,"jetpack_shortlink":"https:\/\/wp.me\/PaKz1-1Z","_links":{"self":[{"href":"https:\/\/www.ehemalige-biesdorf.de\/index.php?rest_route=\/wp\/v2\/pages\/123","targetHints":{"allow":["GET"]}}],"collection":[{"href":"https:\/\/www.ehemalige-biesdorf.de\/index.php?rest_route=\/wp\/v2\/pages"}],"about":[{"href":"https:\/\/www.ehemalige-biesdorf.de\/index.php?rest_route=\/wp\/v2\/types\/page"}],"author":[{"embeddable":true,"href":"https:\/\/www.ehemalige-biesdorf.de\/index.php?rest_route=\/wp\/v2\/users\/1"}],"replies":[{"embeddable":true,"href":"https:\/\/www.ehemalige-biesdorf.de\/index.php?rest_route=%2Fwp%2Fv2%2Fcomments&post=123"}],"version-history":[{"count":7,"href":"https:\/\/www.ehemalige-biesdorf.de\/index.php?rest_route=\/wp\/v2\/pages\/123\/revisions"}],"predecessor-version":[{"id":313,"href":"https:\/\/www.ehemalige-biesdorf.de\/index.php?rest_route=\/wp\/v2\/pages\/123\/revisions\/313"}],"up":[{"embeddable":true,"href":"https:\/\/www.ehemalige-biesdorf.de\/index.php?rest_route=\/wp\/v2\/pages\/6"}],"wp:attachment":[{"href":"https:\/\/www.ehemalige-biesdorf.de\/index.php?rest_route=%2Fwp%2Fv2%2Fmedia&parent=123"}],"curies":[{"name":"wp","href":"https:\/\/api.w.org\/{rel}","templated":true}]}}