{"id":121,"date":"2008-02-29T09:14:41","date_gmt":"2008-02-29T08:14:41","guid":{"rendered":"http:\/\/www.ehemalige-biesdorf.de\/wp\/fotos\/auch-schon-drin\/abitur-1975\/"},"modified":"2025-07-17T13:59:24","modified_gmt":"2025-07-17T12:59:24","slug":"abitur-1975","status":"publish","type":"page","link":"https:\/\/www.ehemalige-biesdorf.de\/?page_id=121","title":{"rendered":"Abitur 1975"},"content":{"rendered":"[et_pb_section fb_built=&#8220;1&#8243; admin_label=&#8220;section&#8220; _builder_version=&#8220;4.16&#8243; global_colors_info=&#8220;{}&#8220;][et_pb_row admin_label=&#8220;row&#8220; _builder_version=&#8220;4.16&#8243; background_size=&#8220;initial&#8220; background_position=&#8220;top_left&#8220; background_repeat=&#8220;repeat&#8220; global_colors_info=&#8220;{}&#8220;][et_pb_column type=&#8220;4_4&#8243; _builder_version=&#8220;4.16&#8243; custom_padding=&#8220;|||&#8220; global_colors_info=&#8220;{}&#8220; custom_padding__hover=&#8220;|||&#8220;][et_pb_text admin_label=&#8220;Text&#8220; _builder_version=&#8220;4.16&#8243; background_size=&#8220;initial&#8220; background_position=&#8220;top_left&#8220; background_repeat=&#8220;repeat&#8220; global_colors_info=&#8220;{}&#8220;]<p><a title=\"\" href=\"https:\/\/www.ehemalige-biesdorf.de\/wp\/wp-content\/uploads\/2008\/02\/abitur1975.jpg\" data-rel=\"lightbox-image-0\" data-rl_title=\"\" data-rl_caption=\"\"><img decoding=\"async\" src=\"https:\/\/www.ehemalige-biesdorf.de\/wp\/wp-content\/uploads\/2008\/02\/abitur1975.jpg\" alt=\"1.      Reihe: Bernhard Urig, Franz-Josef Dax\"><\/a><\/p>\n<p align=\"left\"><span lang=\"de\"><span style=\"color: #000080; font-family: Arial; font-size: small;\">1. <\/span><\/span><span lang=\"de\"> <span style=\"color: #000080; font-family: Arial; font-size: small;\">Reihe<\/span><\/span><span lang=\"de\"><span style=\"color: #000080; font-family: Arial; font-size: small;\">:<\/span><\/span><span lang=\"de\"><span style=\"color: #000080; font-family: Arial; font-size: small;\"> Bernhard Urig, Franz-Josef Dax<\/span><\/span><br><span lang=\"de\"><span style=\"color: #000080; font-family: Arial; font-size: small;\">2. <\/span> <span style=\"color: #000080; font-family: Arial; font-size: small;\">Reihe<\/span><\/span><span lang=\"de\"><span style=\"color: #000080; font-family: Arial; font-size: small;\">: Engelbert Winn, Michael Marx, Ton Eggen<\/span><\/span><br><span lang=\"de\"><span style=\"color: #000080; font-family: Arial; font-size: small;\">3. <\/span> <span style=\"color: #000080; font-family: Arial; font-size: small;\">Reihe: Peter Kauth, Wolfgang K\u00f6tz, Alfons<\/span><\/span><span lang=\"de\"> <span style=\"color: #000080; font-family: Arial; font-size: small;\">Kessler<\/span><\/span><span lang=\"de\"><span style=\"color: #000080; font-family: Arial; font-size: small;\">, Klaus Schilz, Alfred Diederich<\/span><\/span><br><span lang=\"de\"><span style=\"color: #000080; font-family: Arial; font-size: small;\">4. <\/span> <span style=\"color: #000080; font-family: Arial; font-size: small;\">Reihe: Walter Ziwes, Werner Hoffmann<\/span><\/span><span lang=\"de\"><span style=\"color: #000080; font-family: Arial; font-size: small;\">, Lothar Schreiner<\/span><\/span><br><span lang=\"de\"><span style=\"color: #000080; font-family: Arial; font-size: small;\">5. <\/span> <span style=\"color: #000080; font-family: Arial; font-size: small;\">Reihe: Hermann Kolbet, Winfried Br\u00f6sch, Heinz Oberbillig, Manfred T\u00fcx, Lothar Warscheid, Robert Kessler.<\/span><\/span><\/p>\n<p>Das Foto wurde freundlicherweise von Ton Eggen mit dem Hinweis zur Verf\u00fcgung gestellt: &#8222;Niemand fehlt, also der komplette Jahrgang!&#8220;<\/p>\n<p><\/p>\n<p>Im Jahre 2005 fand das 30-j\u00e4hrige Abitur-Treffen statt<\/p>\n<div style=\"width: 734px\" class=\"wp-caption alignnone\"><img loading=\"lazy\" decoding=\"async\" src=\"https:\/\/www.ehemalige-biesdorf.de\/wp-content\/uploads\/2014\/06\/Biesdorf_30jaehriges_Abitreffen_2005.jpg\" alt=\"Der Abitur-Jahrgang 1975 traf sich 2005 zum \" width=\"724\" height=\"540\"><p class=\"wp-caption-text\">Treffen anl\u00e4sslich des 30-j\u00e4hrigen Abiturs im Jahre 2005<\/p><\/div>\n<p>1. Reihe: Vic Eggen, Walter Ziwes, Franz Dax, Wolfgang K\u00f6tz<br>2. Reihe: Bernd Sch\u00e4fer, Ton Eggen, Robert Kessler, Alfons Ke\u00dfler, Heinz Oberbillig<br>3. Reihe: Winfried Br\u00f6sch, Michael Marx, Werner Hoffmann<br>4. Reihe: Lothar Warscheid, Manfred T\u00fcx<\/p>\n<p>Ton Eggen, der uns das Foto und die Information zur Verf\u00fcgung gestellt hat, erg\u00e4nzt: &#8222;Leider hat uns am 12.12.2013 unser lieber Kamerad Bernhard Urig viel zu fr\u00fch und f\u00fcr immer verlassen. &#8222;<\/p>\n<p><\/p>\n<p>Im Jahre 2015 fand das 40-j\u00e4hrige Abitur-Treffen statt.<\/p>\n<p><img loading=\"lazy\" decoding=\"async\" class=\"wp-image-811 size-full\" src=\"https:\/\/www.ehemalige-biesdorf.de\/wp-content\/uploads\/2015\/05\/Biesdorf_40jaehriges_Abitur_2015_Treffen.jpg\" alt=\"Biesdorf_40jaehriges_Abitur_2015_Treffen\" width=\"480\" height=\"640\" srcset=\"https:\/\/www.ehemalige-biesdorf.de\/wp-content\/uploads\/2015\/05\/Biesdorf_40jaehriges_Abitur_2015_Treffen.jpg 480w, https:\/\/www.ehemalige-biesdorf.de\/wp-content\/uploads\/2015\/05\/Biesdorf_40jaehriges_Abitur_2015_Treffen-225x300.jpg 225w\" sizes=\"(max-width: 480px) 100vw, 480px\" \/><\/p>\n<p>1. Reihe v. links: Bernhard Sch\u00e4fer, Alfons Ke\u00dfler, Ton Eggen, Peter Kauth, 2. Reihe: Lothar Warscheid, Werner Hoffmann, Manfred T\u00fcx, Michael Marx, Franz-Kurt Dax, 3. Reihe: Heinz Oberbillig, Winfried Br\u00f6sch, Walter Ziwes.<\/p>\n<p><\/p>\n<p>Im Juni 2022 hat sich der Jahrgang in Mainz getroffen. Ton Eggen hat uns das folgende Foto von dem Treffen freundlicherweise zur Verf\u00fcgung gestellt.<\/p>\n<p><\/p>\n\n\n<figure class=\"wp-block-image size-full\"><a href=\"https:\/\/www.ehemalige-biesdorf.de\/wp-content\/uploads\/2022\/07\/Abi-Jahrgang_1975_Foto_06_2022.jpeg\" data-rel=\"lightbox-image-1\" data-rl_title=\"Abi-Jahrgang_1975_Foto_06_2022\" data-rl_caption=\"\" title=\"Abi-Jahrgang_1975_Foto_06_2022\"><img loading=\"lazy\" decoding=\"async\" width=\"640\" height=\"480\" src=\"https:\/\/www.ehemalige-biesdorf.de\/wp-content\/uploads\/2022\/07\/Abi-Jahrgang_1975_Foto_06_2022.jpeg\" alt=\"\" class=\"wp-image-1223\" srcset=\"https:\/\/www.ehemalige-biesdorf.de\/wp-content\/uploads\/2022\/07\/Abi-Jahrgang_1975_Foto_06_2022.jpeg 640w, https:\/\/www.ehemalige-biesdorf.de\/wp-content\/uploads\/2022\/07\/Abi-Jahrgang_1975_Foto_06_2022-480x360.jpeg 480w\" sizes=\"(min-width: 0px) and (max-width: 480px) 480px, (min-width: 481px) 640px, 100vw\" \/><\/a><\/figure>\n\n\n\n<p>1. Reihe vlnr: Robert Kessler, Alfons Ke\u00dfler, Heinz Oberbillig, Manfred T\u00fcx, Lothar Warscheid, Michael Marx<br>2. Reihe vlnr: Franz-Kurt Dax, Walter Ziwes, Werner Hoffmann, Toni Eggen, Engelbert Winn, Bernhard Sch\u00e4fer, Alois Kunz, Peter Kauth.<\/p>\n\n\n\n<p>Erg\u00e4nzend schreibt Toni Eggen: &#8222;Im letzten Jahr haben wir von unserem Kameraden Alfred Diederich f\u00fcr immer Abschied nehmen m\u00fcssen.&#8220;<\/p>\n[\/et_pb_text][\/et_pb_column][\/et_pb_row][et_pb_row _builder_version=&#8220;4.27.4&#8243; _module_preset=&#8220;default&#8220; global_colors_info=&#8220;{}&#8220;][et_pb_column type=&#8220;4_4&#8243; _builder_version=&#8220;4.27.4&#8243; _module_preset=&#8220;default&#8220; global_colors_info=&#8220;{}&#8220;][et_pb_text _builder_version=&#8220;4.27.4&#8243; _module_preset=&#8220;default&#8220; hover_enabled=&#8220;0&#8243; global_colors_info=&#8220;{}&#8220; sticky_enabled=&#8220;0&#8243;]<h1>Treffen zum 50-j\u00e4hrigen Abiturjubil\u00e4um<\/h1>\n<p>Im Juni 2025 traf sich die Abiturientia des Jahrgangs 1975 in Saarbr\u00fccken, um gemeinsam ihr 50-j\u00e4hriges Abiturjubil\u00e4um zu feiern.\u00a0Nach einem halben Jahrhundert bot dieses besondere Wiedersehen die Gelegenheit, Erinnerungen aufleben zu lassen, pers\u00f6nliche Lebenswege auszutauschen und die gemeinsame Schulzeit zu w\u00fcrdigen.<\/p>\n<p>Der Tag war gepr\u00e4gt von lebendigem Austausch, herzlichen Begegnungen und der Freude \u00fcber das Wiedersehen nach so vielen Jahren. Organisiert wurde das Treffen mit viel Engagement durch Lothar Warscheid. Im Namen aller Teilnehmenden gilt ihm daf\u00fcr ein herzliches Dankesch\u00f6n.<\/p>[\/et_pb_text][et_pb_image src=&#8220;https:\/\/www.ehemalige-biesdorf.de\/wp-content\/uploads\/2025\/07\/Abiturientia_1975_Abi-Zeugnis_2025_auf-der-Klostertreppe.jpeg&#8220; alt=&#8220;Vier Abiturienten des Jahrgangs 1975 haben sich ihre Abiturarbeiten beim Besuch der Hauskirmes 2025 angesehen.&#8220; title_text=&#8220;Vier Abiturienten des Jahrgangs 1975 haben sich ihre Abiturarbeiten beim Besuch der Hauskirmes 2025 angesehen.&#8220; _builder_version=&#8220;4.27.4&#8243; _module_preset=&#8220;default&#8220; global_colors_info=&#8220;{}&#8220;][\/et_pb_image][et_pb_image src=&#8220;https:\/\/www.ehemalige-biesdorf.de\/wp-content\/uploads\/2025\/07\/Abiturientia_1975_50_Jahre_spaeter_beim_Treffen.jpeg&#8220; alt=&#8220;Geselliges Beisammensein: Die Abiturienten von 1975 treffen sich nach 50 Jahren in Saarbr\u00fccken.&#8220; title_text=&#8220;Geselliges Beisammensein: Die Abiturienten von 1975 treffen sich nach 50 Jahren in Saarbr\u00fccken.&#8220; _builder_version=&#8220;4.27.4&#8243; _module_preset=&#8220;default&#8220; global_colors_info=&#8220;{}&#8220;][\/et_pb_image][et_pb_text _builder_version=&#8220;4.27.4&#8243; _module_preset=&#8220;default&#8220; global_colors_info=&#8220;{}&#8220;]<p><span>Ton Eggen hat uns die beiden Fotos vom 50-j\u00e4hrigen Treffen freundlicherweise zur Verf\u00fcgung gestellt.\u00a0<\/span><\/p>[\/et_pb_text][\/et_pb_column][\/et_pb_row][\/et_pb_section]","protected":false},"excerpt":{"rendered":"<p>1. Reihe: Bernhard Urig, Franz-Josef Dax2. Reihe:&#8230;<\/p>\n","protected":false},"author":1,"featured_media":0,"parent":6,"menu_order":0,"comment_status":"open","ping_status":"closed","template":"","meta":{"_et_pb_use_builder":"on","_et_pb_old_content":"<p><a title=\"1. Reihe: Bernhard Urig, Franz-Josef Dax; 2. Reihe: Engelbert Winn, Michael Marx, Ton Eggen; 3. Reihe: Peter Kauth, Wolfgang K\u00f6tz, Alfons Kessler, Klaus Schilz, Alfred Diederich; 4. Reihe: Walter Ziwes, Werner Hoffmann, Lothar Schreiner; 5. Reihe: Hermann Kolbet, Winfried Br\u00f6sch, Heinz Oberbillig, Manfred T\u00fcx, Lothar Warscheid, Robert Kessler.\" href=\"http:\/\/www.ehemalige-biesdorf.de\/wp\/wp-content\/uploads\/2008\/02\/abitur1975.jpg\"><img src=\"http:\/\/www.ehemalige-biesdorf.de\/wp\/wp-content\/uploads\/2008\/02\/abitur1975.jpg\" alt=\"1.      Reihe: Bernhard Urig, Franz-Josef Dax\"><\/a><\/p>\n<p align=\"left\"><span lang=\"de\"><span style=\"color: #000080; font-family: Arial; font-size: small;\">1. <\/span><\/span><span lang=\"de\"> <span style=\"color: #000080; font-family: Arial; font-size: small;\">Reihe<\/span><\/span><span lang=\"de\"><span style=\"color: #000080; font-family: Arial; font-size: small;\">:<\/span><\/span><span lang=\"de\"><span style=\"color: #000080; font-family: Arial; font-size: small;\"> Bernhard Urig, Franz-Josef Dax<\/span><\/span><br><span lang=\"de\"><span style=\"color: #000080; font-family: Arial; font-size: small;\">2. <\/span> <span style=\"color: #000080; font-family: Arial; font-size: small;\">Reihe<\/span><\/span><span lang=\"de\"><span style=\"color: #000080; font-family: Arial; font-size: small;\">: Engelbert Winn, Michael Marx, Ton Eggen<\/span><\/span><br><span lang=\"de\"><span style=\"color: #000080; font-family: Arial; font-size: small;\">3. <\/span> <span style=\"color: #000080; font-family: Arial; font-size: small;\">Reihe: Peter Kauth, Wolfgang K\u00f6tz, Alfons<\/span><\/span><span lang=\"de\"> <span style=\"color: #000080; font-family: Arial; font-size: small;\">Kessler<\/span><\/span><span lang=\"de\"><span style=\"color: #000080; font-family: Arial; font-size: small;\">, Klaus Schilz, Alfred Diederich<\/span><\/span><br><span lang=\"de\"><span style=\"color: #000080; font-family: Arial; font-size: small;\">4. <\/span> <span style=\"color: #000080; font-family: Arial; font-size: small;\">Reihe: Walter Ziwes, Werner Hoffmann<\/span><\/span><span lang=\"de\"><span style=\"color: #000080; font-family: Arial; font-size: small;\">, Lothar Schreiner<\/span><\/span><br><span lang=\"de\"><span style=\"color: #000080; font-family: Arial; font-size: small;\">5. <\/span> <span style=\"color: #000080; font-family: Arial; font-size: small;\">Reihe: Hermann Kolbet, Winfried Br\u00f6sch, Heinz Oberbillig, Manfred T\u00fcx, Lothar Warscheid, Robert Kessler.<\/span><\/span><\/p>\n<p>Das Foto wurde freundlicherweise von Ton Eggen mit dem Hinweis zur Verf\u00fcgung gestellt: \"Niemand fehlt, also der komplette Jahrgang!\"<\/p>\n<p><\/p>\n<p>Im Jahre 2005 fand das 30-j\u00e4hrige Abitur-Treffen statt<\/p>\n<p>[caption id=\"\" align=\"alignnone\" width=\"724\"]<img src=\"http:\/\/www.ehemalige-biesdorf.de\/wp-content\/uploads\/2014\/06\/Biesdorf_30jaehriges_Abitreffen_2005.jpg\" alt=\"Der Abitur-Jahrgang 1975 traf sich 2005 zum \" width=\"724\" height=\"540\"> Treffen anl\u00e4sslich des 30-j\u00e4hrigen Abiturs im Jahre 2005[\/caption]<\/p>\n<p>1. Reihe: Vic Eggen, Walter Ziwes, Franz Dax, Wolfgang K\u00f6tz<br>2. Reihe: Bernd Sch\u00e4fer, Ton Eggen, Robert Kessler, Alfons Ke\u00dfler, Heinz Oberbillig<br>3. Reihe: Winfried Br\u00f6sch, Michael Marx, Werner Hoffmann<br>4. Reihe: Lothar Warscheid, Manfred T\u00fcx<\/p>\n<p>Ton Eggen, der uns das Foto und die Information zur Verf\u00fcgung gestellt hat, erg\u00e4nzt: \"Leider hat uns am 12.12.2013 unser lieber Kamerad Bernhard Urig viel zu fr\u00fch und f\u00fcr immer verlassen. \"<\/p>\n<p><\/p>\n<p>Im Jahre 2015 fand das 40-j\u00e4hrige Abitur-Treffen statt.<\/p>\n<p><img class=\"wp-image-811 size-full\" src=\"http:\/\/www.ehemalige-biesdorf.de\/wp-content\/uploads\/2015\/05\/Biesdorf_40jaehriges_Abitur_2015_Treffen.jpg\" alt=\"Biesdorf_40jaehriges_Abitur_2015_Treffen\" width=\"480\" height=\"640\"><\/p>\n<p>1. Reihe v. links: Bernhard Sch\u00e4fer, Alfons Ke\u00dfler, Ton Eggen, Peter Kauth, 2. Reihe: Lothar Warscheid, Werner Hoffmann, Manfred T\u00fcx, Michael Marx, Franz-Kurt Dax, 3. Reihe: Heinz Oberbillig, Winfried Br\u00f6sch, Walter Ziwes.<\/p>\n<p><\/p>\n<p>Im Juni 2022 hat sich der Jahrgang in Mainz getroffen. Ton Eggen hat uns das folgende Foto von dem Treffen freundlicherweise zur Verf\u00fcgung gestellt.<\/p>\n<p><\/p>\n\n<!-- wp:image {\"id\":1223,\"sizeSlug\":\"full\",\"linkDestination\":\"media\"} -->\n<figure class=\"wp-block-image size-full\"><a href=\"https:\/\/www.ehemalige-biesdorf.de\/wp-content\/uploads\/2022\/07\/Abi-Jahrgang_1975_Foto_06_2022.jpeg\"><img src=\"https:\/\/www.ehemalige-biesdorf.de\/wp-content\/uploads\/2022\/07\/Abi-Jahrgang_1975_Foto_06_2022.jpeg\" alt=\"\" class=\"wp-image-1223\"\/><\/a><\/figure>\n<!-- \/wp:image -->\n\n<!-- wp:paragraph -->\n<p>1. Reihe vlnr: Robert Kessler, Alfons Ke\u00dfler, Heinz Oberbillig, Manfred T\u00fcx, Lothar Warscheid, Michael Marx<br>2. Reihe vlnr: Franz-Kurt Dax, Walter Ziwes, Werner Hoffmann, Toni Eggen, Engelbert Winn, Bernhard Sch\u00e4fer, Alois Kunz, Peter Kauth.<\/p>\n<!-- \/wp:paragraph -->\n\n<!-- wp:paragraph -->\n<p>Erg\u00e4nzend schreibt Toni Eggen: \"Im letzten Jahr haben wir von unserem Kameraden Alfred Diederich f\u00fcr immer Abschied nehmen m\u00fcssen.\"<\/p>\n<!-- \/wp:paragraph -->","_et_gb_content_width":"","jetpack_post_was_ever_published":false,"footnotes":""},"class_list":["post-121","page","type-page","status-publish","hentry"],"jetpack_sharing_enabled":true,"jetpack_shortlink":"https:\/\/wp.me\/PaKz1-1X","_links":{"self":[{"href":"https:\/\/www.ehemalige-biesdorf.de\/index.php?rest_route=\/wp\/v2\/pages\/121","targetHints":{"allow":["GET"]}}],"collection":[{"href":"https:\/\/www.ehemalige-biesdorf.de\/index.php?rest_route=\/wp\/v2\/pages"}],"about":[{"href":"https:\/\/www.ehemalige-biesdorf.de\/index.php?rest_route=\/wp\/v2\/types\/page"}],"author":[{"embeddable":true,"href":"https:\/\/www.ehemalige-biesdorf.de\/index.php?rest_route=\/wp\/v2\/users\/1"}],"replies":[{"embeddable":true,"href":"https:\/\/www.ehemalige-biesdorf.de\/index.php?rest_route=%2Fwp%2Fv2%2Fcomments&post=121"}],"version-history":[{"count":18,"href":"https:\/\/www.ehemalige-biesdorf.de\/index.php?rest_route=\/wp\/v2\/pages\/121\/revisions"}],"predecessor-version":[{"id":1260,"href":"https:\/\/www.ehemalige-biesdorf.de\/index.php?rest_route=\/wp\/v2\/pages\/121\/revisions\/1260"}],"up":[{"embeddable":true,"href":"https:\/\/www.ehemalige-biesdorf.de\/index.php?rest_route=\/wp\/v2\/pages\/6"}],"wp:attachment":[{"href":"https:\/\/www.ehemalige-biesdorf.de\/index.php?rest_route=%2Fwp%2Fv2%2Fmedia&parent=121"}],"curies":[{"name":"wp","href":"https:\/\/api.w.org\/{rel}","templated":true}]}}