{"id":1020,"date":"2016-05-05T10:02:47","date_gmt":"2016-05-05T09:02:47","guid":{"rendered":"http:\/\/www.ehemalige-biesdorf.de\/?page_id=1020"},"modified":"2017-07-05T10:05:00","modified_gmt":"2017-07-05T09:05:00","slug":"abitur-2016","status":"publish","type":"page","link":"https:\/\/www.ehemalige-biesdorf.de\/?page_id=1020","title":{"rendered":"Abitur 2016"},"content":{"rendered":"<div id=\"attachment_1022\" style=\"width: 310px\" class=\"wp-caption alignleft\"><a href=\"https:\/\/www.ehemalige-biesdorf.de\/wp-content\/uploads\/2017\/07\/Biesdorf_Abi-Treppe-2016_web.png\" data-rel=\"lightbox-image-0\" data-rl_title=\"Biesdorf_Abi-Treppe-2016_web\" data-rl_caption=\"\" title=\"Biesdorf_Abi-Treppe-2016_web\"><img loading=\"lazy\" decoding=\"async\" aria-describedby=\"caption-attachment-1022\" class=\"wp-image-1022 size-medium\" src=\"https:\/\/www.ehemalige-biesdorf.de\/wp-content\/uploads\/2017\/07\/Biesdorf_Abi-Treppe-2016_web-300x159.png\" alt=\"\" width=\"300\" height=\"159\" srcset=\"https:\/\/www.ehemalige-biesdorf.de\/wp-content\/uploads\/2017\/07\/Biesdorf_Abi-Treppe-2016_web-300x159.png 300w, https:\/\/www.ehemalige-biesdorf.de\/wp-content\/uploads\/2017\/07\/Biesdorf_Abi-Treppe-2016_web-768x407.png 768w, https:\/\/www.ehemalige-biesdorf.de\/wp-content\/uploads\/2017\/07\/Biesdorf_Abi-Treppe-2016_web-1024x542.png 1024w, https:\/\/www.ehemalige-biesdorf.de\/wp-content\/uploads\/2017\/07\/Biesdorf_Abi-Treppe-2016_web-1080x572.png 1080w, https:\/\/www.ehemalige-biesdorf.de\/wp-content\/uploads\/2017\/07\/Biesdorf_Abi-Treppe-2016_web.png 1209w\" sizes=\"(max-width: 300px) 100vw, 300px\" \/><\/a><p id=\"caption-attachment-1022\" class=\"wp-caption-text\">Herzlichen Gl\u00fcckwunsch: Abiturientia 2016<\/p><\/div>\n<p>&nbsp;<\/p>\n<p>&nbsp;<\/p>\n<p>&nbsp;<\/p>\n<p>&nbsp;<\/p>\n<p>&nbsp;<\/p>\n<p>&nbsp;<\/p>\n<p><strong>Die Namen der Abiturienten 2016:<\/strong><\/p>\n<p>1 Bahlo Leon 54666 Irrel<br \/>\n2 Baumann Kai 54669 Bollendorf<br \/>\n3 Baur Anna-Sophia 54675 Mettendorf<br \/>\n4 Birk Jonas 54298 Welschbillig<br \/>\n5 Borrelbach Mich\u00e8lle 54675 K\u00f6rperich-Obersgegen<br \/>\n6 B\u00f6wen Jana 54675 K\u00f6rperich<br \/>\n7 Br\u00fcck Pascal 54668 Ferschweiler<br \/>\n8 Dahm Anna 54298 Welschbillig<br \/>\n9 Eiden Silas 54310 Ralingen-Godendorf<br \/>\n10 Espinosa Caliendo Isabel 54636 Meckel<br \/>\n11 Ewerhart Nina 54668 Ferschweiler<br \/>\n12 Fisch Janine 54675 K\u00f6rperich-Niedersgegen<br \/>\n13 Franken Janine 54310 Ralingen-Wintersdorf<br \/>\n14 Freppert Janine 54675 Geichlingen<br \/>\n15 Friedrichs Anna-Lena 54636 Weidingen<br \/>\n16 Fritschen Andreas 54298 Welschbillig<br \/>\n17 Fuchs Sven 54636 Weidingen<br \/>\n18 Goebel-Antony Olaf 54673 Bauler<br \/>\n19 Groben Lisa 54675 Roth<br \/>\n20 Grommes Denis 54666 Irrel<br \/>\n21 Hau Anna-Lena 54634 Bitburg<br \/>\n22 Hau Catharina 54646 Bettingen<br \/>\n23 Hauer Theresia 54668 Peffingen<br \/>\n24 Heck Lina 54668 Ernzen<br \/>\n25 Hentges Maike 54636 Wi\u00dfmannsdorf<br \/>\n26 Hermes Sabrina 54636 H\u00fctterscheid<br \/>\n27 Herschbach Marius 54675 Wallendorf<br \/>\n28 Hettinger Ramona 54668 Holsthum<br \/>\n29 H\u00fcweler Stefan 54675 H\u00fcttingen<br \/>\n30 J\u00e4kel Jonathan 54298 Welschbillig<br \/>\n31 Kaspari Dominik 54636 Wi\u00dfmannsdorf-Koosb\u00fcsch<br \/>\n32 Kaufmann Lena 54675 Geichlingen<br \/>\n33 Kirsch Laura 54675 K\u00f6rperich<br \/>\n34 Kirwel Joey 54675 Wallendorf<br \/>\n35 Klasen Jonas 54673 Karlshausen<br \/>\n36 Kleis Sebastian 54689 Olmscheid<br \/>\n37 Knaf Victoria 54310 Ralingen-Edingen<br \/>\n38 K\u00f6lsch Antonia 54298 Eisenach<br \/>\n39 Kotz Kerstin 54673 Scheitenkorb<br \/>\n40 Krier Marina 54310 Ralingen-Edingen<br \/>\n41 Ledo Christopher 54675 Nusbaum<br \/>\n42 Lehnert Philipp 54298 Welschbillig<br \/>\n43 Lehnertz Patrick 54636 Altscheid<br \/>\n44 Lemmer Marcel 54675 Geichlingen<br \/>\n45 Lippert Marc 54666 Irrel<br \/>\n46 Masselter Benedict 54675 Mettendorf<br \/>\n47 Mayer Alexander 54636 Baustert<br \/>\n48 Meier-Pr\u00fcmm Colin 54668 Pr\u00fcmzurlay<br \/>\n49 Mertes Jan-Philipp 54646 Bettingen<br \/>\n50 Mettel Niklas 54675 K\u00f6rperich-Seimerich<br \/>\n51 Michaeli Corinna 54646 Bettingen<br \/>\n52 M\u00f6rsdorf Verena 54675 Geichlingen<br \/>\n53 Olk Johannes 54298 Welschbillig-Windm\u00fchle<br \/>\n54 Pfeil Angelina 54636 Meckel<br \/>\n55 Pick Elisabeth 54675 Mettendorf<br \/>\n56 Quernheim Pascal 54668 Holsthum<br \/>\n57 Reichert Aliena 54646 Halsdorf<br \/>\n58 Roth Angelina 54675 K\u00f6rperich-Obersgegen<br \/>\n59 Salzmann Raphael 54636 Meckel<br \/>\n60 Schilz Alexander 54666 Irrel<br \/>\n61 Schmidt Johanna 6552 Berdorf<br \/>\n62 Schmitt Nicole 54298 Gilzem<br \/>\n63 Schmitz Andr\u00e9 54636 Wi\u00dfmannsdorf<br \/>\n64 Schmitz Lukas 54669 Bollendorf<br \/>\n65 Solbach Florian 54675 K\u00f6rperich<br \/>\n66 Spartz Kathrin 54646 Olsdorf<br \/>\n67 Steichen Lena 54668 Ferschweiler<br \/>\n68 Stephany Alexa 54310 Ralingen-Wintersdorf<br \/>\n69 T\u00f6lkes Simon 54634 Bitburg-M\u00f6tsch<br \/>\n70 Trierweiler Nils 54675 Mettendorf<br \/>\n71 Vogel Helena 54675 Biesdorf<br \/>\n72 Wagner Julie-Anne 54310 Ralingen-Godendorf<br \/>\n73 Weires Franziska 54673 Krautscheid<br \/>\n74 Weisenstein Dominique 54675 Mettendorf<br \/>\n75 Zender Hendrik 54668 Niederweis<br \/>\n76 Zender Rebecca 54675 Nusbaum-Freilingen<br \/>\n77 Zender Nicolas 54668 Holsthum<br \/>\n78 Zenner Fabian 54309 Newel<\/p>\n","protected":false},"excerpt":{"rendered":"<p>&nbsp; &nbsp; &nbsp; &nbsp; &nbsp; &nbsp; Die Namen der Abiturienten 2016: 1 Bahlo Leon 54666 Irrel 2 Baumann Kai 54669 Bollendorf 3 Baur Anna-Sophia 54675 Mettendorf 4 Birk Jonas 54298 Welschbillig 5 Borrelbach Mich\u00e8lle 54675 K\u00f6rperich-Obersgegen 6 B\u00f6wen Jana 54675 K\u00f6rperich 7 Br\u00fcck Pascal 54668 Ferschweiler 8 Dahm Anna 54298 Welschbillig 9 Eiden Silas 54310 [&hellip;]<\/p>\n","protected":false},"author":2,"featured_media":0,"parent":6,"menu_order":0,"comment_status":"open","ping_status":"closed","template":"","meta":{"_et_pb_use_builder":"","_et_pb_old_content":"","_et_gb_content_width":"","jetpack_post_was_ever_published":false,"footnotes":""},"class_list":["post-1020","page","type-page","status-publish","hentry"],"jetpack_sharing_enabled":true,"jetpack_shortlink":"https:\/\/wp.me\/PaKz1-gs","_links":{"self":[{"href":"https:\/\/www.ehemalige-biesdorf.de\/index.php?rest_route=\/wp\/v2\/pages\/1020","targetHints":{"allow":["GET"]}}],"collection":[{"href":"https:\/\/www.ehemalige-biesdorf.de\/index.php?rest_route=\/wp\/v2\/pages"}],"about":[{"href":"https:\/\/www.ehemalige-biesdorf.de\/index.php?rest_route=\/wp\/v2\/types\/page"}],"author":[{"embeddable":true,"href":"https:\/\/www.ehemalige-biesdorf.de\/index.php?rest_route=\/wp\/v2\/users\/2"}],"replies":[{"embeddable":true,"href":"https:\/\/www.ehemalige-biesdorf.de\/index.php?rest_route=%2Fwp%2Fv2%2Fcomments&post=1020"}],"version-history":[{"count":4,"href":"https:\/\/www.ehemalige-biesdorf.de\/index.php?rest_route=\/wp\/v2\/pages\/1020\/revisions"}],"predecessor-version":[{"id":1025,"href":"https:\/\/www.ehemalige-biesdorf.de\/index.php?rest_route=\/wp\/v2\/pages\/1020\/revisions\/1025"}],"up":[{"embeddable":true,"href":"https:\/\/www.ehemalige-biesdorf.de\/index.php?rest_route=\/wp\/v2\/pages\/6"}],"wp:attachment":[{"href":"https:\/\/www.ehemalige-biesdorf.de\/index.php?rest_route=%2Fwp%2Fv2%2Fmedia&parent=1020"}],"curies":[{"name":"wp","href":"https:\/\/api.w.org\/{rel}","templated":true}]}}